{"id":617,"date":"2026-02-03T15:47:26","date_gmt":"2026-02-03T15:47:26","guid":{"rendered":"https:\/\/sinomanufactur.wpenginepowered.com\/servicios\/gestion-logistica\/"},"modified":"2026-03-21T15:50:40","modified_gmt":"2026-03-21T15:50:40","slug":"gestion-logistica","status":"publish","type":"page","link":"https:\/\/sino-manufacturing.com\/es\/servicios\/gestion-logistica\/","title":{"rendered":"Gesti\u00f3n log\u00edstica"},"content":{"rendered":"\t\t<div data-elementor-type=\"wp-page\" data-elementor-id=\"617\" class=\"elementor elementor-617 elementor-143\" data-elementor-post-type=\"page\">\n\t\t\t\t<div data-particle_enable=\"false\" data-particle-mobile-disabled=\"false\" class=\"elementor-element elementor-element-30dad0a5 e-con-full e-flex e-con e-parent\" data-id=\"30dad0a5\" data-element_type=\"container\" data-e-type=\"container\" data-settings=\"{&quot;background_background&quot;:&quot;classic&quot;}\">\n\t\t<div data-particle_enable=\"false\" data-particle-mobile-disabled=\"false\" class=\"elementor-element elementor-element-743e3c06 e-con-full e-flex e-con e-child\" data-id=\"743e3c06\" data-element_type=\"container\" data-e-type=\"container\" data-settings=\"{&quot;background_background&quot;:&quot;classic&quot;}\">\n\t\t\t\t<\/div>\n\t\t<div data-particle_enable=\"false\" data-particle-mobile-disabled=\"false\" class=\"elementor-element elementor-element-394a6480 e-con-full e-flex e-con e-child\" data-id=\"394a6480\" data-element_type=\"container\" data-e-type=\"container\" data-settings=\"{&quot;background_background&quot;:&quot;classic&quot;}\">\n\t\t<div data-particle_enable=\"false\" data-particle-mobile-disabled=\"false\" class=\"elementor-element elementor-element-8d8dd55 e-con-full e-flex e-con e-child\" data-id=\"8d8dd55\" data-element_type=\"container\" data-e-type=\"container\">\n\t\t\t\t<div class=\"elementor-element elementor-element-47981046 elementor-widget elementor-widget-heading\" data-id=\"47981046\" data-element_type=\"widget\" data-e-type=\"widget\" data-widget_type=\"heading.default\">\n\t\t\t\t\t<h6 class=\"elementor-heading-title elementor-size-default\">SERVICIOS\n<\/h6>\t\t\t\t<\/div>\n\t\t\t\t<div class=\"elementor-element elementor-element-f3f58a0 elementor-widget elementor-widget-heading\" data-id=\"f3f58a0\" data-element_type=\"widget\" data-e-type=\"widget\" data-widget_type=\"heading.default\">\n\t\t\t\t\t<h1 class=\"elementor-heading-title elementor-size-default\">Entrega de gesti\u00f3n log\u00edstica de primer nivel\n<\/h1>\t\t\t\t<\/div>\n\t\t\t\t<div class=\"elementor-element elementor-element-7c8f8907 elementor-widget elementor-widget-text-editor\" data-id=\"7c8f8907\" data-element_type=\"widget\" data-e-type=\"widget\" data-widget_type=\"text-editor.default\">\n\t\t\t\t\t\t\t\t\t<p>La cadena de suministro es crucial para cualquier empresa. En Sino podemos adaptarnos a su estrategia log\u00edstica elegida y ofrecer una variedad de INCOTERMS, desde Ex Works hasta el servicio Delivered At Place (DAP): usted solo elige el destino, la fecha y la hora, y nosotros nos encargamos del resto.<\/p>\t\t\t\t\t\t\t\t<\/div>\n\t\t\t\t<\/div>\n\t\t\t\t<\/div>\n\t\t\t\t<\/div>\n\t\t<div data-particle_enable=\"false\" data-particle-mobile-disabled=\"false\" class=\"elementor-element elementor-element-7f86a61d e-flex e-con-boxed e-con e-parent\" data-id=\"7f86a61d\" data-element_type=\"container\" data-e-type=\"container\">\n\t\t\t\t\t<div class=\"e-con-inner\">\n\t\t\t\t<div class=\"elementor-element elementor-element-7770a246 elementor-widget elementor-widget-spacer\" data-id=\"7770a246\" data-element_type=\"widget\" data-e-type=\"widget\" data-widget_type=\"spacer.default\">\n\t\t\t\t\t\t\t<div class=\"elementor-spacer\">\n\t\t\t<div class=\"elementor-spacer-inner\"><\/div>\n\t\t<\/div>\n\t\t\t\t\t\t<\/div>\n\t\t<div data-particle_enable=\"false\" data-particle-mobile-disabled=\"false\" class=\"elementor-element elementor-element-973abef e-con-full e-flex e-con e-child\" data-id=\"973abef\" data-element_type=\"container\" data-e-type=\"container\">\n\t\t<div data-particle_enable=\"false\" data-particle-mobile-disabled=\"false\" class=\"elementor-element elementor-element-7caee57 e-con-full e-flex e-con e-child\" data-id=\"7caee57\" data-element_type=\"container\" data-e-type=\"container\">\n\t\t\t\t<div class=\"elementor-element elementor-element-176c13fa elementor-widget elementor-widget-image\" data-id=\"176c13fa\" data-element_type=\"widget\" data-e-type=\"widget\" data-widget_type=\"image.default\">\n\t\t\t\t\t\t\t\t\t\t\t\t\t\t\t<img fetchpriority=\"high\" decoding=\"async\" width=\"800\" height=\"627\" src=\"https:\/\/sino-manufacturing.com\/wp-content\/uploads\/2026\/02\/vendor-managed_inventory.jpg\" class=\"attachment-large size-large wp-image-615\" alt=\"\" srcset=\"https:\/\/sino-manufacturing.com\/wp-content\/uploads\/2026\/02\/vendor-managed_inventory.jpg 900w, https:\/\/sino-manufacturing.com\/wp-content\/uploads\/2026\/02\/vendor-managed_inventory-300x235.jpg 300w, https:\/\/sino-manufacturing.com\/wp-content\/uploads\/2026\/02\/vendor-managed_inventory-768x602.jpg 768w\" sizes=\"(max-width: 800px) 100vw, 800px\" \/>\t\t\t\t\t\t\t\t\t\t\t\t\t\t\t<\/div>\n\t\t\t\t<\/div>\n\t\t<div data-particle_enable=\"false\" data-particle-mobile-disabled=\"false\" class=\"elementor-element elementor-element-12cb283b e-con-full e-flex e-con e-child\" data-id=\"12cb283b\" data-element_type=\"container\" data-e-type=\"container\">\n\t\t\t\t<div class=\"elementor-element elementor-element-2c67272c elementor-widget__width-initial elementor-widget elementor-widget-heading\" data-id=\"2c67272c\" data-element_type=\"widget\" data-e-type=\"widget\" data-widget_type=\"heading.default\">\n\t\t\t\t\t<h1 class=\"elementor-heading-title elementor-size-default\">Inventario gestionado por el proveedor (VMI)\n<\/h1>\t\t\t\t<\/div>\n\t\t\t\t<div class=\"elementor-element elementor-element-46b45c5f elementor-widget__width-initial elementor-widget elementor-widget-text-editor\" data-id=\"46b45c5f\" data-element_type=\"widget\" data-e-type=\"widget\" data-widget_type=\"text-editor.default\">\n\t\t\t\t\t\t\t\t\t<p>SINO ofrece una soluci\u00f3n de inventario gestionado por el proveedor (VMI) en la que la mercanc\u00eda se env\u00eda a nuestro almac\u00e9n y permanece bajo dep\u00f3sito aduanero mientras la custodiamos para usted. A continuaci\u00f3n, puede solicitar la retirada de la mercanc\u00eda que necesite a diario, semanal o mensualmente. Esto garantiza la continuidad del suministro y la certeza de cumplir los plazos de producci\u00f3n. Evita el coste de almacenar grandes cantidades en sus propias instalaciones y, por tanto, mejora su flujo de caja: solo paga los art\u00edculos a medida que los va retirando.    <\/p><p>Para ayudar a\u00fan m\u00e1s a nuestros clientes, en SINO estamos desarrollando actualmente la entrega a pie de l\u00ednea en modalidad Just-In-Time. Recibir\u00e1 sus materiales donde los quiera, cuando los necesite. <\/p><p>P\u00f3ngase en contacto hoy mismo con nuestro equipo de especialistas para obtener m\u00e1s informaci\u00f3n sobre nuestras soluciones rentables de gesti\u00f3n de la cadena de suministro.<\/p>\t\t\t\t\t\t\t\t<\/div>\n\t\t\t\t<\/div>\n\t\t\t\t<\/div>\n\t\t\t\t\t<\/div>\n\t\t\t\t<\/div>\n\t\t<div data-particle_enable=\"false\" data-particle-mobile-disabled=\"false\" class=\"elementor-element elementor-element-f9b7bcc e-flex e-con-boxed e-con e-parent\" data-id=\"f9b7bcc\" data-element_type=\"container\" data-e-type=\"container\" data-settings=\"{&quot;background_background&quot;:&quot;classic&quot;}\">\n\t\t\t\t\t<div class=\"e-con-inner\">\n\t\t\t\t<div class=\"elementor-element elementor-element-8ffa431 elementor-widget elementor-widget-spacer\" data-id=\"8ffa431\" data-element_type=\"widget\" data-e-type=\"widget\" data-widget_type=\"spacer.default\">\n\t\t\t\t\t\t\t<div class=\"elementor-spacer\">\n\t\t\t<div class=\"elementor-spacer-inner\"><\/div>\n\t\t<\/div>\n\t\t\t\t\t\t<\/div>\n\t\t\t\t\t<\/div>\n\t\t\t\t<\/div>\n\t\t\t\t<\/div>\n\t\t","protected":false},"excerpt":{"rendered":"<p>SERVICIOS Entrega de gesti\u00f3n log\u00edstica de primer nivel La cadena de suministro es crucial para cualquier empresa. En Sino podemos adaptarnos a su estrategia log\u00edstica elegida y ofrecer una variedad de INCOTERMS, desde Ex Works hasta el servicio Delivered At Place (DAP): usted solo elige el destino, la fecha y la hora, y nosotros nos [&hellip;]<\/p>\n","protected":false},"author":2,"featured_media":0,"parent":580,"menu_order":0,"comment_status":"closed","ping_status":"closed","template":"","meta":{"footnotes":""},"class_list":["post-617","page","type-page","status-publish","hentry"],"yoast_head":"<!-- This site is optimized with the Yoast SEO Premium plugin v27.3 (Yoast SEO v27.3) - https:\/\/yoast.com\/product\/yoast-seo-premium-wordpress\/ -->\n<title>Gesti\u00f3n log\u00edstica - Sino Manufacturing<\/title>\n<meta name=\"robots\" content=\"index, follow, max-snippet:-1, max-image-preview:large, max-video-preview:-1\" \/>\n<link rel=\"canonical\" href=\"https:\/\/sino-manufacturing.com\/es\/servicios\/gestion-logistica\/\" \/>\n<meta property=\"og:locale\" content=\"es_ES\" \/>\n<meta property=\"og:type\" content=\"article\" \/>\n<meta property=\"og:title\" content=\"Gesti\u00f3n log\u00edstica\" \/>\n<meta property=\"og:description\" content=\"SERVICIOS Entrega de gesti\u00f3n log\u00edstica de primer nivel La cadena de suministro es crucial para cualquier empresa. En Sino podemos adaptarnos a su estrategia log\u00edstica elegida y ofrecer una variedad de INCOTERMS, desde Ex Works hasta el servicio Delivered At Place (DAP): usted solo elige el destino, la fecha y la hora, y nosotros nos [&hellip;]\" \/>\n<meta property=\"og:url\" content=\"https:\/\/sino-manufacturing.com\/es\/servicios\/gestion-logistica\/\" \/>\n<meta property=\"og:site_name\" content=\"Sino Manufacturing\" \/>\n<meta property=\"article:modified_time\" content=\"2026-03-21T15:50:40+00:00\" \/>\n<meta property=\"og:image\" content=\"https:\/\/sino-manufacturing.com\/wp-content\/uploads\/2026\/02\/vendor-managed_inventory.jpg\" \/>\n\t<meta property=\"og:image:width\" content=\"900\" \/>\n\t<meta property=\"og:image:height\" content=\"705\" \/>\n\t<meta property=\"og:image:type\" content=\"image\/jpeg\" \/>\n<meta name=\"twitter:card\" content=\"summary_large_image\" \/>\n<meta name=\"twitter:label1\" content=\"Tiempo de lectura\" \/>\n\t<meta name=\"twitter:data1\" content=\"1 minuto\" \/>\n<script type=\"application\/ld+json\" class=\"yoast-schema-graph\">{\"@context\":\"https:\\\/\\\/schema.org\",\"@graph\":[{\"@type\":\"WebPage\",\"@id\":\"https:\\\/\\\/sino-manufacturing.com\\\/es\\\/servicios\\\/gestion-logistica\\\/\",\"url\":\"https:\\\/\\\/sino-manufacturing.com\\\/es\\\/servicios\\\/gestion-logistica\\\/\",\"name\":\"Gesti\u00f3n log\u00edstica - Sino Manufacturing\",\"isPartOf\":{\"@id\":\"https:\\\/\\\/sino-manufacturing.com\\\/es\\\/#website\"},\"primaryImageOfPage\":{\"@id\":\"https:\\\/\\\/sino-manufacturing.com\\\/es\\\/servicios\\\/gestion-logistica\\\/#primaryimage\"},\"image\":{\"@id\":\"https:\\\/\\\/sino-manufacturing.com\\\/es\\\/servicios\\\/gestion-logistica\\\/#primaryimage\"},\"thumbnailUrl\":\"https:\\\/\\\/sino-manufacturing.com\\\/wp-content\\\/uploads\\\/2026\\\/02\\\/vendor-managed_inventory.jpg\",\"datePublished\":\"2026-02-03T15:47:26+00:00\",\"dateModified\":\"2026-03-21T15:50:40+00:00\",\"breadcrumb\":{\"@id\":\"https:\\\/\\\/sino-manufacturing.com\\\/es\\\/servicios\\\/gestion-logistica\\\/#breadcrumb\"},\"inLanguage\":\"es\",\"potentialAction\":[{\"@type\":\"ReadAction\",\"target\":[\"https:\\\/\\\/sino-manufacturing.com\\\/es\\\/servicios\\\/gestion-logistica\\\/\"]}]},{\"@type\":\"ImageObject\",\"inLanguage\":\"es\",\"@id\":\"https:\\\/\\\/sino-manufacturing.com\\\/es\\\/servicios\\\/gestion-logistica\\\/#primaryimage\",\"url\":\"https:\\\/\\\/sino-manufacturing.com\\\/wp-content\\\/uploads\\\/2026\\\/02\\\/vendor-managed_inventory.jpg\",\"contentUrl\":\"https:\\\/\\\/sino-manufacturing.com\\\/wp-content\\\/uploads\\\/2026\\\/02\\\/vendor-managed_inventory.jpg\"},{\"@type\":\"BreadcrumbList\",\"@id\":\"https:\\\/\\\/sino-manufacturing.com\\\/es\\\/servicios\\\/gestion-logistica\\\/#breadcrumb\",\"itemListElement\":[{\"@type\":\"ListItem\",\"position\":1,\"name\":\"Home\",\"item\":\"https:\\\/\\\/sino-manufacturing.com\\\/es\\\/home\\\/\"},{\"@type\":\"ListItem\",\"position\":2,\"name\":\"Servicios\",\"item\":\"https:\\\/\\\/sino-manufacturing.com\\\/es\\\/servicios\\\/\"},{\"@type\":\"ListItem\",\"position\":3,\"name\":\"Gesti\u00f3n log\u00edstica\"}]},{\"@type\":\"WebSite\",\"@id\":\"https:\\\/\\\/sino-manufacturing.com\\\/es\\\/#website\",\"url\":\"https:\\\/\\\/sino-manufacturing.com\\\/es\\\/\",\"name\":\"Sino-Manufacturing Website\",\"description\":\"Making things better.\",\"publisher\":{\"@id\":\"https:\\\/\\\/sino-manufacturing.com\\\/es\\\/#organization\"},\"potentialAction\":[{\"@type\":\"SearchAction\",\"target\":{\"@type\":\"EntryPoint\",\"urlTemplate\":\"https:\\\/\\\/sino-manufacturing.com\\\/es\\\/?s={search_term_string}\"},\"query-input\":{\"@type\":\"PropertyValueSpecification\",\"valueRequired\":true,\"valueName\":\"search_term_string\"}}],\"inLanguage\":\"es\"},{\"@type\":\"Organization\",\"@id\":\"https:\\\/\\\/sino-manufacturing.com\\\/es\\\/#organization\",\"name\":\"Sino-Manufacturing\",\"url\":\"https:\\\/\\\/sino-manufacturing.com\\\/es\\\/\",\"logo\":{\"@type\":\"ImageObject\",\"inLanguage\":\"es\",\"@id\":\"https:\\\/\\\/sino-manufacturing.com\\\/es\\\/#\\\/schema\\\/logo\\\/image\\\/\",\"url\":\"https:\\\/\\\/sino-manufacturing.com\\\/wp-content\\\/uploads\\\/2026\\\/01\\\/Sino-Deep-blue_3.406577.png\",\"contentUrl\":\"https:\\\/\\\/sino-manufacturing.com\\\/wp-content\\\/uploads\\\/2026\\\/01\\\/Sino-Deep-blue_3.406577.png\",\"width\":1600,\"height\":900,\"caption\":\"Sino-Manufacturing\"},\"image\":{\"@id\":\"https:\\\/\\\/sino-manufacturing.com\\\/es\\\/#\\\/schema\\\/logo\\\/image\\\/\"},\"sameAs\":[\"https:\\\/\\\/www.linkedin.com\\\/company\\\/sino-manufacturing-solutions\\\/\"]}]}<\/script>\n<!-- \/ Yoast SEO Premium plugin. -->","yoast_head_json":{"title":"Gesti\u00f3n log\u00edstica - Sino Manufacturing","robots":{"index":"index","follow":"follow","max-snippet":"max-snippet:-1","max-image-preview":"max-image-preview:large","max-video-preview":"max-video-preview:-1"},"canonical":"https:\/\/sino-manufacturing.com\/es\/servicios\/gestion-logistica\/","og_locale":"es_ES","og_type":"article","og_title":"Gesti\u00f3n log\u00edstica","og_description":"SERVICIOS Entrega de gesti\u00f3n log\u00edstica de primer nivel La cadena de suministro es crucial para cualquier empresa. En Sino podemos adaptarnos a su estrategia log\u00edstica elegida y ofrecer una variedad de INCOTERMS, desde Ex Works hasta el servicio Delivered At Place (DAP): usted solo elige el destino, la fecha y la hora, y nosotros nos [&hellip;]","og_url":"https:\/\/sino-manufacturing.com\/es\/servicios\/gestion-logistica\/","og_site_name":"Sino Manufacturing","article_modified_time":"2026-03-21T15:50:40+00:00","og_image":[{"width":900,"height":705,"url":"https:\/\/sino-manufacturing.com\/wp-content\/uploads\/2026\/02\/vendor-managed_inventory.jpg","type":"image\/jpeg"}],"twitter_card":"summary_large_image","twitter_misc":{"Tiempo de lectura":"1 minuto"},"schema":{"@context":"https:\/\/schema.org","@graph":[{"@type":"WebPage","@id":"https:\/\/sino-manufacturing.com\/es\/servicios\/gestion-logistica\/","url":"https:\/\/sino-manufacturing.com\/es\/servicios\/gestion-logistica\/","name":"Gesti\u00f3n log\u00edstica - Sino Manufacturing","isPartOf":{"@id":"https:\/\/sino-manufacturing.com\/es\/#website"},"primaryImageOfPage":{"@id":"https:\/\/sino-manufacturing.com\/es\/servicios\/gestion-logistica\/#primaryimage"},"image":{"@id":"https:\/\/sino-manufacturing.com\/es\/servicios\/gestion-logistica\/#primaryimage"},"thumbnailUrl":"https:\/\/sino-manufacturing.com\/wp-content\/uploads\/2026\/02\/vendor-managed_inventory.jpg","datePublished":"2026-02-03T15:47:26+00:00","dateModified":"2026-03-21T15:50:40+00:00","breadcrumb":{"@id":"https:\/\/sino-manufacturing.com\/es\/servicios\/gestion-logistica\/#breadcrumb"},"inLanguage":"es","potentialAction":[{"@type":"ReadAction","target":["https:\/\/sino-manufacturing.com\/es\/servicios\/gestion-logistica\/"]}]},{"@type":"ImageObject","inLanguage":"es","@id":"https:\/\/sino-manufacturing.com\/es\/servicios\/gestion-logistica\/#primaryimage","url":"https:\/\/sino-manufacturing.com\/wp-content\/uploads\/2026\/02\/vendor-managed_inventory.jpg","contentUrl":"https:\/\/sino-manufacturing.com\/wp-content\/uploads\/2026\/02\/vendor-managed_inventory.jpg"},{"@type":"BreadcrumbList","@id":"https:\/\/sino-manufacturing.com\/es\/servicios\/gestion-logistica\/#breadcrumb","itemListElement":[{"@type":"ListItem","position":1,"name":"Home","item":"https:\/\/sino-manufacturing.com\/es\/home\/"},{"@type":"ListItem","position":2,"name":"Servicios","item":"https:\/\/sino-manufacturing.com\/es\/servicios\/"},{"@type":"ListItem","position":3,"name":"Gesti\u00f3n log\u00edstica"}]},{"@type":"WebSite","@id":"https:\/\/sino-manufacturing.com\/es\/#website","url":"https:\/\/sino-manufacturing.com\/es\/","name":"Sino-Manufacturing Website","description":"Making things better.","publisher":{"@id":"https:\/\/sino-manufacturing.com\/es\/#organization"},"potentialAction":[{"@type":"SearchAction","target":{"@type":"EntryPoint","urlTemplate":"https:\/\/sino-manufacturing.com\/es\/?s={search_term_string}"},"query-input":{"@type":"PropertyValueSpecification","valueRequired":true,"valueName":"search_term_string"}}],"inLanguage":"es"},{"@type":"Organization","@id":"https:\/\/sino-manufacturing.com\/es\/#organization","name":"Sino-Manufacturing","url":"https:\/\/sino-manufacturing.com\/es\/","logo":{"@type":"ImageObject","inLanguage":"es","@id":"https:\/\/sino-manufacturing.com\/es\/#\/schema\/logo\/image\/","url":"https:\/\/sino-manufacturing.com\/wp-content\/uploads\/2026\/01\/Sino-Deep-blue_3.406577.png","contentUrl":"https:\/\/sino-manufacturing.com\/wp-content\/uploads\/2026\/01\/Sino-Deep-blue_3.406577.png","width":1600,"height":900,"caption":"Sino-Manufacturing"},"image":{"@id":"https:\/\/sino-manufacturing.com\/es\/#\/schema\/logo\/image\/"},"sameAs":["https:\/\/www.linkedin.com\/company\/sino-manufacturing-solutions\/"]}]}},"_links":{"self":[{"href":"https:\/\/sino-manufacturing.com\/es\/wp-json\/wp\/v2\/pages\/617","targetHints":{"allow":["GET"]}}],"collection":[{"href":"https:\/\/sino-manufacturing.com\/es\/wp-json\/wp\/v2\/pages"}],"about":[{"href":"https:\/\/sino-manufacturing.com\/es\/wp-json\/wp\/v2\/types\/page"}],"author":[{"embeddable":true,"href":"https:\/\/sino-manufacturing.com\/es\/wp-json\/wp\/v2\/users\/2"}],"replies":[{"embeddable":true,"href":"https:\/\/sino-manufacturing.com\/es\/wp-json\/wp\/v2\/comments?post=617"}],"version-history":[{"count":0,"href":"https:\/\/sino-manufacturing.com\/es\/wp-json\/wp\/v2\/pages\/617\/revisions"}],"up":[{"embeddable":true,"href":"https:\/\/sino-manufacturing.com\/es\/wp-json\/wp\/v2\/pages\/580"}],"wp:attachment":[{"href":"https:\/\/sino-manufacturing.com\/es\/wp-json\/wp\/v2\/media?parent=617"}],"curies":[{"name":"wp","href":"https:\/\/api.w.org\/{rel}","templated":true}]}}