{"id":588,"date":"2026-02-03T15:57:54","date_gmt":"2026-02-03T15:57:54","guid":{"rendered":"https:\/\/sinomanufactur.wpenginepowered.com\/servicios\/ensamblajes-electromecanicos\/"},"modified":"2026-03-21T15:43:24","modified_gmt":"2026-03-21T15:43:24","slug":"ensamblajes-electromecanicos","status":"publish","type":"page","link":"https:\/\/sino-manufacturing.com\/es\/servicios\/ensamblajes-electromecanicos\/","title":{"rendered":"Ensamblajes electromec\u00e1nicos"},"content":{"rendered":"\t\t<div data-elementor-type=\"wp-page\" data-elementor-id=\"588\" class=\"elementor elementor-588 elementor-148\" data-elementor-post-type=\"page\">\n\t\t\t\t<div data-particle_enable=\"false\" data-particle-mobile-disabled=\"false\" class=\"elementor-element elementor-element-30dad0a5 e-con-full e-flex e-con e-parent\" data-id=\"30dad0a5\" data-element_type=\"container\" data-e-type=\"container\" data-settings=\"{&quot;background_background&quot;:&quot;classic&quot;}\">\n\t\t<div data-particle_enable=\"false\" data-particle-mobile-disabled=\"false\" class=\"elementor-element elementor-element-743e3c06 e-con-full e-flex e-con e-child\" data-id=\"743e3c06\" data-element_type=\"container\" data-e-type=\"container\" data-settings=\"{&quot;background_background&quot;:&quot;classic&quot;}\">\n\t\t\t\t<\/div>\n\t\t<div data-particle_enable=\"false\" data-particle-mobile-disabled=\"false\" class=\"elementor-element elementor-element-394a6480 e-con-full e-flex e-con e-child\" data-id=\"394a6480\" data-element_type=\"container\" data-e-type=\"container\" data-settings=\"{&quot;background_background&quot;:&quot;classic&quot;}\">\n\t\t<div data-particle_enable=\"false\" data-particle-mobile-disabled=\"false\" class=\"elementor-element elementor-element-8d8dd55 e-con-full e-flex e-con e-child\" data-id=\"8d8dd55\" data-element_type=\"container\" data-e-type=\"container\">\n\t\t\t\t<div class=\"elementor-element elementor-element-47981046 elementor-widget elementor-widget-heading\" data-id=\"47981046\" data-element_type=\"widget\" data-e-type=\"widget\" data-widget_type=\"heading.default\">\n\t\t\t\t\t<h6 class=\"elementor-heading-title elementor-size-default\">SERVICIOS\n<\/h6>\t\t\t\t<\/div>\n\t\t\t\t<div class=\"elementor-element elementor-element-f3f58a0 elementor-widget elementor-widget-heading\" data-id=\"f3f58a0\" data-element_type=\"widget\" data-e-type=\"widget\" data-widget_type=\"heading.default\">\n\t\t\t\t\t<h1 class=\"elementor-heading-title elementor-size-default\">Ensamblajes electromec\u00e1nicos\n<\/h1>\t\t\t\t<\/div>\n\t\t\t\t<div class=\"elementor-element elementor-element-7c8f8907 elementor-widget elementor-widget-text-editor\" data-id=\"7c8f8907\" data-element_type=\"widget\" data-e-type=\"widget\" data-widget_type=\"text-editor.default\">\n\t\t\t\t\t\t\t\t\t<p>El equipo cualificado y comprometido de nuestra f\u00e1brica de Shenzhen, de propiedad brit\u00e1nica, ofrece una amplia gama de servicios de ensamblaje. Se trata de un servicio muy flexible que adaptamos a las necesidades espec\u00edficas de cada proyecto y cliente, incluidos los ensamblajes finales de producto, los subconjuntos y los ensamblajes electr\u00f3nicos. <\/p>\t\t\t\t\t\t\t\t<\/div>\n\t\t\t\t<\/div>\n\t\t\t\t<\/div>\n\t\t\t\t<\/div>\n\t\t<div data-particle_enable=\"false\" data-particle-mobile-disabled=\"false\" class=\"elementor-element elementor-element-7f86a61d e-flex e-con-boxed e-con e-parent\" data-id=\"7f86a61d\" data-element_type=\"container\" data-e-type=\"container\">\n\t\t\t\t\t<div class=\"e-con-inner\">\n\t\t\t\t<div class=\"elementor-element elementor-element-7770a246 elementor-widget elementor-widget-spacer\" data-id=\"7770a246\" data-element_type=\"widget\" data-e-type=\"widget\" data-widget_type=\"spacer.default\">\n\t\t\t\t\t\t\t<div class=\"elementor-spacer\">\n\t\t\t<div class=\"elementor-spacer-inner\"><\/div>\n\t\t<\/div>\n\t\t\t\t\t\t<\/div>\n\t\t<div data-particle_enable=\"false\" data-particle-mobile-disabled=\"false\" class=\"elementor-element elementor-element-973abef e-con-full e-flex e-con e-child\" data-id=\"973abef\" data-element_type=\"container\" data-e-type=\"container\">\n\t\t<div data-particle_enable=\"false\" data-particle-mobile-disabled=\"false\" class=\"elementor-element elementor-element-7caee57 e-con-full e-flex e-con e-child\" data-id=\"7caee57\" data-element_type=\"container\" data-e-type=\"container\">\n\t\t\t\t<div class=\"elementor-element elementor-element-176c13fa elementor-widget elementor-widget-image\" data-id=\"176c13fa\" data-element_type=\"widget\" data-e-type=\"widget\" data-widget_type=\"image.default\">\n\t\t\t\t\t\t\t\t\t\t\t\t\t\t\t<img fetchpriority=\"high\" decoding=\"async\" width=\"638\" height=\"500\" src=\"https:\/\/sino-manufacturing.com\/wp-content\/uploads\/2026\/02\/electro-mechanical_assembly_capabilities-638x500-1.jpg\" class=\"attachment-large size-large wp-image-586\" alt=\"\" srcset=\"https:\/\/sino-manufacturing.com\/wp-content\/uploads\/2026\/02\/electro-mechanical_assembly_capabilities-638x500-1.jpg 638w, https:\/\/sino-manufacturing.com\/wp-content\/uploads\/2026\/02\/electro-mechanical_assembly_capabilities-638x500-1-300x235.jpg 300w\" sizes=\"(max-width: 638px) 100vw, 638px\" \/>\t\t\t\t\t\t\t\t\t\t\t\t\t\t\t<\/div>\n\t\t\t\t<\/div>\n\t\t<div data-particle_enable=\"false\" data-particle-mobile-disabled=\"false\" class=\"elementor-element elementor-element-12cb283b e-con-full e-flex e-con e-child\" data-id=\"12cb283b\" data-element_type=\"container\" data-e-type=\"container\">\n\t\t\t\t<div class=\"elementor-element elementor-element-2c67272c elementor-widget__width-initial elementor-widget elementor-widget-heading\" data-id=\"2c67272c\" data-element_type=\"widget\" data-e-type=\"widget\" data-widget_type=\"heading.default\">\n\t\t\t\t\t<h1 class=\"elementor-heading-title elementor-size-default\">Ensamblajes electromec\u00e1nicos y servicios complementarios\n<\/h1>\t\t\t\t<\/div>\n\t\t\t\t<div class=\"elementor-element elementor-element-46b45c5f elementor-widget elementor-widget-text-editor\" data-id=\"46b45c5f\" data-element_type=\"widget\" data-e-type=\"widget\" data-widget_type=\"text-editor.default\">\n\t\t\t\t\t\t\t\t\t<p>Podemos hacer tanto o tan poco como necesite, incluidas pruebas rigurosas, colocar los productos terminados en el embalaje minorista adecuado con los manuales requeridos e incluso entregar los env\u00edos en las ubicaciones que usted elija.<\/p>\t\t\t\t\t\t\t\t<\/div>\n\t\t\t\t<\/div>\n\t\t\t\t<\/div>\n\t\t<div data-particle_enable=\"false\" data-particle-mobile-disabled=\"false\" class=\"elementor-element elementor-element-7df2363 e-con-full e-flex e-con e-child\" data-id=\"7df2363\" data-element_type=\"container\" data-e-type=\"container\">\n\t\t<div data-particle_enable=\"false\" data-particle-mobile-disabled=\"false\" class=\"elementor-element elementor-element-08fddaf e-con-full e-flex e-con e-child\" data-id=\"08fddaf\" data-element_type=\"container\" data-e-type=\"container\">\n\t\t\t\t<div class=\"elementor-element elementor-element-a9324ba elementor-widget elementor-widget-image\" data-id=\"a9324ba\" data-element_type=\"widget\" data-e-type=\"widget\" data-widget_type=\"image.default\">\n\t\t\t\t\t\t\t\t\t\t\t\t\t\t\t<img decoding=\"async\" width=\"638\" height=\"500\" src=\"https:\/\/sino-manufacturing.com\/wp-content\/uploads\/2026\/02\/electro-mechanical_assemblies_complementary_services-638x500-1.jpg\" class=\"attachment-large size-large wp-image-587\" alt=\"\" srcset=\"https:\/\/sino-manufacturing.com\/wp-content\/uploads\/2026\/02\/electro-mechanical_assemblies_complementary_services-638x500-1.jpg 638w, https:\/\/sino-manufacturing.com\/wp-content\/uploads\/2026\/02\/electro-mechanical_assemblies_complementary_services-638x500-1-300x235.jpg 300w\" sizes=\"(max-width: 638px) 100vw, 638px\" \/>\t\t\t\t\t\t\t\t\t\t\t\t\t\t\t<\/div>\n\t\t\t\t<\/div>\n\t\t<div data-particle_enable=\"false\" data-particle-mobile-disabled=\"false\" class=\"elementor-element elementor-element-60d3a38 e-con-full e-flex e-con e-child\" data-id=\"60d3a38\" data-element_type=\"container\" data-e-type=\"container\">\n\t\t\t\t<div class=\"elementor-element elementor-element-41fb2ef elementor-widget__width-initial elementor-widget elementor-widget-heading\" data-id=\"41fb2ef\" data-element_type=\"widget\" data-e-type=\"widget\" data-widget_type=\"heading.default\">\n\t\t\t\t\t<h3 class=\"elementor-heading-title elementor-size-default\">Capacidades integrales de ensamblaje electromec\u00e1nico\n<\/h3>\t\t\t\t<\/div>\n\t\t\t\t<div class=\"elementor-element elementor-element-1ce1e88 elementor-widget__width-initial elementor-widget elementor-widget-text-editor\" data-id=\"1ce1e88\" data-element_type=\"widget\" data-e-type=\"widget\" data-widget_type=\"text-editor.default\">\n\t\t\t\t\t\t\t\t\t<p>Cada d\u00eda, nuestro personal ensambla productos fabricados mediante diversos procesos, as\u00ed como componentes subcontratados. Esto incluye ensamblajes electromec\u00e1nicos complejos para placas de circuito impreso, termistores, condensadores, mazos de cables y bloques de conectores el\u00e9ctricos. <\/p><p>Nuestros expertos utilizan las herramientas m\u00e1s avanzadas y alcanzan de forma constante los m\u00e1s altos est\u00e1ndares de calidad, pero a tarifas muy competitivas.<\/p><p>P\u00f3ngase en <a href=\"https:\/\/www.sinomanufactur.wpenginepowered.com\/contact\/\">contacto<\/a> con nuestro equipo especializado hoy mismo para obtener m\u00e1s informaci\u00f3n sobre nuestras soluciones de ensamblaje electromec\u00e1nico rentables.<\/p>\t\t\t\t\t\t\t\t<\/div>\n\t\t\t\t<\/div>\n\t\t\t\t<\/div>\n\t\t\t\t\t<\/div>\n\t\t\t\t<\/div>\n\t\t<div data-particle_enable=\"false\" data-particle-mobile-disabled=\"false\" class=\"elementor-element elementor-element-16ed8864 e-flex e-con-boxed e-con e-parent\" data-id=\"16ed8864\" data-element_type=\"container\" data-e-type=\"container\" data-settings=\"{&quot;background_background&quot;:&quot;classic&quot;}\">\n\t\t\t\t\t<div class=\"e-con-inner\">\n\t\t\t\t<div class=\"elementor-element elementor-element-472ba6f3 elementor-widget elementor-widget-image\" data-id=\"472ba6f3\" data-element_type=\"widget\" data-e-type=\"widget\" data-widget_type=\"image.default\">\n\t\t\t\t\t\t\t\t\t\t\t\t\t\t\t<img decoding=\"async\" width=\"288\" height=\"62\" src=\"https:\/\/sino-manufacturing.com\/wp-content\/uploads\/2026\/02\/Screenshot-2026-02-02-at-10.39.40-a.m.png\" class=\"attachment-large size-large wp-image-567\" alt=\"\" \/>\t\t\t\t\t\t\t\t\t\t\t\t\t\t\t<\/div>\n\t\t\t\t<div class=\"elementor-element elementor-element-4f267fca elementor-widget__width-initial elementor-widget elementor-widget-heading\" data-id=\"4f267fca\" data-element_type=\"widget\" data-e-type=\"widget\" data-widget_type=\"heading.default\">\n\t\t\t\t\t<h2 class=\"elementor-heading-title elementor-size-default\">Alcanzar la excelencia y la calidad es nuestra m\u00e1xima prioridad \u2013 <\/br><b>todo el trabajo est\u00e1 certificado seg\u00fan la norma ISO 9001:2015<\/b><\/h2>\t\t\t\t<\/div>\n\t\t\t\t<div class=\"elementor-element elementor-element-6db84d elementor-widget elementor-widget-spacer\" data-id=\"6db84d\" data-element_type=\"widget\" data-e-type=\"widget\" data-widget_type=\"spacer.default\">\n\t\t\t\t\t\t\t<div class=\"elementor-spacer\">\n\t\t\t<div class=\"elementor-spacer-inner\"><\/div>\n\t\t<\/div>\n\t\t\t\t\t\t<\/div>\n\t\t\t\t\t<\/div>\n\t\t\t\t<\/div>\n\t\t\t\t<\/div>\n\t\t","protected":false},"excerpt":{"rendered":"<p>SERVICIOS Ensamblajes electromec\u00e1nicos El equipo cualificado y comprometido de nuestra f\u00e1brica de Shenzhen, de propiedad brit\u00e1nica, ofrece una amplia gama de servicios de ensamblaje. Se trata de un servicio muy flexible que adaptamos a las necesidades espec\u00edficas de cada proyecto y cliente, incluidos los ensamblajes finales de producto, los subconjuntos y los ensamblajes electr\u00f3nicos. Ensamblajes [&hellip;]<\/p>\n","protected":false},"author":2,"featured_media":0,"parent":580,"menu_order":0,"comment_status":"closed","ping_status":"closed","template":"","meta":{"footnotes":""},"class_list":["post-588","page","type-page","status-publish","hentry"],"yoast_head":"<!-- This site is optimized with the Yoast SEO Premium plugin v27.3 (Yoast SEO v27.3) - https:\/\/yoast.com\/product\/yoast-seo-premium-wordpress\/ -->\n<title>Ensamblajes electromec\u00e1nicos - Sino Manufacturing<\/title>\n<meta name=\"robots\" content=\"index, follow, max-snippet:-1, max-image-preview:large, max-video-preview:-1\" \/>\n<link rel=\"canonical\" href=\"https:\/\/sino-manufacturing.com\/es\/servicios\/ensamblajes-electromecanicos\/\" \/>\n<meta property=\"og:locale\" content=\"es_ES\" \/>\n<meta property=\"og:type\" content=\"article\" \/>\n<meta property=\"og:title\" content=\"Ensamblajes electromec\u00e1nicos\" \/>\n<meta property=\"og:description\" content=\"SERVICIOS Ensamblajes electromec\u00e1nicos El equipo cualificado y comprometido de nuestra f\u00e1brica de Shenzhen, de propiedad brit\u00e1nica, ofrece una amplia gama de servicios de ensamblaje. Se trata de un servicio muy flexible que adaptamos a las necesidades espec\u00edficas de cada proyecto y cliente, incluidos los ensamblajes finales de producto, los subconjuntos y los ensamblajes electr\u00f3nicos. Ensamblajes [&hellip;]\" \/>\n<meta property=\"og:url\" content=\"https:\/\/sino-manufacturing.com\/es\/servicios\/ensamblajes-electromecanicos\/\" \/>\n<meta property=\"og:site_name\" content=\"Sino Manufacturing\" \/>\n<meta property=\"article:modified_time\" content=\"2026-03-21T15:43:24+00:00\" \/>\n<meta property=\"og:image\" content=\"https:\/\/sino-manufacturing.com\/wp-content\/uploads\/2026\/02\/electro-mechanical_assembly_capabilities-638x500-1.jpg\" \/>\n\t<meta property=\"og:image:width\" content=\"638\" \/>\n\t<meta property=\"og:image:height\" content=\"500\" \/>\n\t<meta property=\"og:image:type\" content=\"image\/jpeg\" \/>\n<meta name=\"twitter:card\" content=\"summary_large_image\" \/>\n<meta name=\"twitter:label1\" content=\"Tiempo de lectura\" \/>\n\t<meta name=\"twitter:data1\" content=\"1 minuto\" \/>\n<script type=\"application\/ld+json\" class=\"yoast-schema-graph\">{\"@context\":\"https:\\\/\\\/schema.org\",\"@graph\":[{\"@type\":\"WebPage\",\"@id\":\"https:\\\/\\\/sino-manufacturing.com\\\/es\\\/servicios\\\/ensamblajes-electromecanicos\\\/\",\"url\":\"https:\\\/\\\/sino-manufacturing.com\\\/es\\\/servicios\\\/ensamblajes-electromecanicos\\\/\",\"name\":\"Ensamblajes electromec\u00e1nicos - Sino Manufacturing\",\"isPartOf\":{\"@id\":\"https:\\\/\\\/sino-manufacturing.com\\\/es\\\/#website\"},\"primaryImageOfPage\":{\"@id\":\"https:\\\/\\\/sino-manufacturing.com\\\/es\\\/servicios\\\/ensamblajes-electromecanicos\\\/#primaryimage\"},\"image\":{\"@id\":\"https:\\\/\\\/sino-manufacturing.com\\\/es\\\/servicios\\\/ensamblajes-electromecanicos\\\/#primaryimage\"},\"thumbnailUrl\":\"https:\\\/\\\/sino-manufacturing.com\\\/wp-content\\\/uploads\\\/2026\\\/02\\\/electro-mechanical_assembly_capabilities-638x500-1.jpg\",\"datePublished\":\"2026-02-03T15:57:54+00:00\",\"dateModified\":\"2026-03-21T15:43:24+00:00\",\"breadcrumb\":{\"@id\":\"https:\\\/\\\/sino-manufacturing.com\\\/es\\\/servicios\\\/ensamblajes-electromecanicos\\\/#breadcrumb\"},\"inLanguage\":\"es\",\"potentialAction\":[{\"@type\":\"ReadAction\",\"target\":[\"https:\\\/\\\/sino-manufacturing.com\\\/es\\\/servicios\\\/ensamblajes-electromecanicos\\\/\"]}]},{\"@type\":\"ImageObject\",\"inLanguage\":\"es\",\"@id\":\"https:\\\/\\\/sino-manufacturing.com\\\/es\\\/servicios\\\/ensamblajes-electromecanicos\\\/#primaryimage\",\"url\":\"https:\\\/\\\/sino-manufacturing.com\\\/wp-content\\\/uploads\\\/2026\\\/02\\\/electro-mechanical_assembly_capabilities-638x500-1.jpg\",\"contentUrl\":\"https:\\\/\\\/sino-manufacturing.com\\\/wp-content\\\/uploads\\\/2026\\\/02\\\/electro-mechanical_assembly_capabilities-638x500-1.jpg\"},{\"@type\":\"BreadcrumbList\",\"@id\":\"https:\\\/\\\/sino-manufacturing.com\\\/es\\\/servicios\\\/ensamblajes-electromecanicos\\\/#breadcrumb\",\"itemListElement\":[{\"@type\":\"ListItem\",\"position\":1,\"name\":\"Home\",\"item\":\"https:\\\/\\\/sino-manufacturing.com\\\/es\\\/home\\\/\"},{\"@type\":\"ListItem\",\"position\":2,\"name\":\"Servicios\",\"item\":\"https:\\\/\\\/sino-manufacturing.com\\\/es\\\/servicios\\\/\"},{\"@type\":\"ListItem\",\"position\":3,\"name\":\"Ensamblajes electromec\u00e1nicos\"}]},{\"@type\":\"WebSite\",\"@id\":\"https:\\\/\\\/sino-manufacturing.com\\\/es\\\/#website\",\"url\":\"https:\\\/\\\/sino-manufacturing.com\\\/es\\\/\",\"name\":\"Sino-Manufacturing Website\",\"description\":\"Making things better.\",\"publisher\":{\"@id\":\"https:\\\/\\\/sino-manufacturing.com\\\/es\\\/#organization\"},\"potentialAction\":[{\"@type\":\"SearchAction\",\"target\":{\"@type\":\"EntryPoint\",\"urlTemplate\":\"https:\\\/\\\/sino-manufacturing.com\\\/es\\\/?s={search_term_string}\"},\"query-input\":{\"@type\":\"PropertyValueSpecification\",\"valueRequired\":true,\"valueName\":\"search_term_string\"}}],\"inLanguage\":\"es\"},{\"@type\":\"Organization\",\"@id\":\"https:\\\/\\\/sino-manufacturing.com\\\/es\\\/#organization\",\"name\":\"Sino-Manufacturing\",\"url\":\"https:\\\/\\\/sino-manufacturing.com\\\/es\\\/\",\"logo\":{\"@type\":\"ImageObject\",\"inLanguage\":\"es\",\"@id\":\"https:\\\/\\\/sino-manufacturing.com\\\/es\\\/#\\\/schema\\\/logo\\\/image\\\/\",\"url\":\"https:\\\/\\\/sino-manufacturing.com\\\/wp-content\\\/uploads\\\/2026\\\/01\\\/Sino-Deep-blue_3.406577.png\",\"contentUrl\":\"https:\\\/\\\/sino-manufacturing.com\\\/wp-content\\\/uploads\\\/2026\\\/01\\\/Sino-Deep-blue_3.406577.png\",\"width\":1600,\"height\":900,\"caption\":\"Sino-Manufacturing\"},\"image\":{\"@id\":\"https:\\\/\\\/sino-manufacturing.com\\\/es\\\/#\\\/schema\\\/logo\\\/image\\\/\"},\"sameAs\":[\"https:\\\/\\\/www.linkedin.com\\\/company\\\/sino-manufacturing-solutions\\\/\"]}]}<\/script>\n<!-- \/ Yoast SEO Premium plugin. -->","yoast_head_json":{"title":"Ensamblajes electromec\u00e1nicos - Sino Manufacturing","robots":{"index":"index","follow":"follow","max-snippet":"max-snippet:-1","max-image-preview":"max-image-preview:large","max-video-preview":"max-video-preview:-1"},"canonical":"https:\/\/sino-manufacturing.com\/es\/servicios\/ensamblajes-electromecanicos\/","og_locale":"es_ES","og_type":"article","og_title":"Ensamblajes electromec\u00e1nicos","og_description":"SERVICIOS Ensamblajes electromec\u00e1nicos El equipo cualificado y comprometido de nuestra f\u00e1brica de Shenzhen, de propiedad brit\u00e1nica, ofrece una amplia gama de servicios de ensamblaje. Se trata de un servicio muy flexible que adaptamos a las necesidades espec\u00edficas de cada proyecto y cliente, incluidos los ensamblajes finales de producto, los subconjuntos y los ensamblajes electr\u00f3nicos. Ensamblajes [&hellip;]","og_url":"https:\/\/sino-manufacturing.com\/es\/servicios\/ensamblajes-electromecanicos\/","og_site_name":"Sino Manufacturing","article_modified_time":"2026-03-21T15:43:24+00:00","og_image":[{"width":638,"height":500,"url":"https:\/\/sino-manufacturing.com\/wp-content\/uploads\/2026\/02\/electro-mechanical_assembly_capabilities-638x500-1.jpg","type":"image\/jpeg"}],"twitter_card":"summary_large_image","twitter_misc":{"Tiempo de lectura":"1 minuto"},"schema":{"@context":"https:\/\/schema.org","@graph":[{"@type":"WebPage","@id":"https:\/\/sino-manufacturing.com\/es\/servicios\/ensamblajes-electromecanicos\/","url":"https:\/\/sino-manufacturing.com\/es\/servicios\/ensamblajes-electromecanicos\/","name":"Ensamblajes electromec\u00e1nicos - Sino Manufacturing","isPartOf":{"@id":"https:\/\/sino-manufacturing.com\/es\/#website"},"primaryImageOfPage":{"@id":"https:\/\/sino-manufacturing.com\/es\/servicios\/ensamblajes-electromecanicos\/#primaryimage"},"image":{"@id":"https:\/\/sino-manufacturing.com\/es\/servicios\/ensamblajes-electromecanicos\/#primaryimage"},"thumbnailUrl":"https:\/\/sino-manufacturing.com\/wp-content\/uploads\/2026\/02\/electro-mechanical_assembly_capabilities-638x500-1.jpg","datePublished":"2026-02-03T15:57:54+00:00","dateModified":"2026-03-21T15:43:24+00:00","breadcrumb":{"@id":"https:\/\/sino-manufacturing.com\/es\/servicios\/ensamblajes-electromecanicos\/#breadcrumb"},"inLanguage":"es","potentialAction":[{"@type":"ReadAction","target":["https:\/\/sino-manufacturing.com\/es\/servicios\/ensamblajes-electromecanicos\/"]}]},{"@type":"ImageObject","inLanguage":"es","@id":"https:\/\/sino-manufacturing.com\/es\/servicios\/ensamblajes-electromecanicos\/#primaryimage","url":"https:\/\/sino-manufacturing.com\/wp-content\/uploads\/2026\/02\/electro-mechanical_assembly_capabilities-638x500-1.jpg","contentUrl":"https:\/\/sino-manufacturing.com\/wp-content\/uploads\/2026\/02\/electro-mechanical_assembly_capabilities-638x500-1.jpg"},{"@type":"BreadcrumbList","@id":"https:\/\/sino-manufacturing.com\/es\/servicios\/ensamblajes-electromecanicos\/#breadcrumb","itemListElement":[{"@type":"ListItem","position":1,"name":"Home","item":"https:\/\/sino-manufacturing.com\/es\/home\/"},{"@type":"ListItem","position":2,"name":"Servicios","item":"https:\/\/sino-manufacturing.com\/es\/servicios\/"},{"@type":"ListItem","position":3,"name":"Ensamblajes electromec\u00e1nicos"}]},{"@type":"WebSite","@id":"https:\/\/sino-manufacturing.com\/es\/#website","url":"https:\/\/sino-manufacturing.com\/es\/","name":"Sino-Manufacturing Website","description":"Making things better.","publisher":{"@id":"https:\/\/sino-manufacturing.com\/es\/#organization"},"potentialAction":[{"@type":"SearchAction","target":{"@type":"EntryPoint","urlTemplate":"https:\/\/sino-manufacturing.com\/es\/?s={search_term_string}"},"query-input":{"@type":"PropertyValueSpecification","valueRequired":true,"valueName":"search_term_string"}}],"inLanguage":"es"},{"@type":"Organization","@id":"https:\/\/sino-manufacturing.com\/es\/#organization","name":"Sino-Manufacturing","url":"https:\/\/sino-manufacturing.com\/es\/","logo":{"@type":"ImageObject","inLanguage":"es","@id":"https:\/\/sino-manufacturing.com\/es\/#\/schema\/logo\/image\/","url":"https:\/\/sino-manufacturing.com\/wp-content\/uploads\/2026\/01\/Sino-Deep-blue_3.406577.png","contentUrl":"https:\/\/sino-manufacturing.com\/wp-content\/uploads\/2026\/01\/Sino-Deep-blue_3.406577.png","width":1600,"height":900,"caption":"Sino-Manufacturing"},"image":{"@id":"https:\/\/sino-manufacturing.com\/es\/#\/schema\/logo\/image\/"},"sameAs":["https:\/\/www.linkedin.com\/company\/sino-manufacturing-solutions\/"]}]}},"_links":{"self":[{"href":"https:\/\/sino-manufacturing.com\/es\/wp-json\/wp\/v2\/pages\/588","targetHints":{"allow":["GET"]}}],"collection":[{"href":"https:\/\/sino-manufacturing.com\/es\/wp-json\/wp\/v2\/pages"}],"about":[{"href":"https:\/\/sino-manufacturing.com\/es\/wp-json\/wp\/v2\/types\/page"}],"author":[{"embeddable":true,"href":"https:\/\/sino-manufacturing.com\/es\/wp-json\/wp\/v2\/users\/2"}],"replies":[{"embeddable":true,"href":"https:\/\/sino-manufacturing.com\/es\/wp-json\/wp\/v2\/comments?post=588"}],"version-history":[{"count":0,"href":"https:\/\/sino-manufacturing.com\/es\/wp-json\/wp\/v2\/pages\/588\/revisions"}],"up":[{"embeddable":true,"href":"https:\/\/sino-manufacturing.com\/es\/wp-json\/wp\/v2\/pages\/580"}],"wp:attachment":[{"href":"https:\/\/sino-manufacturing.com\/es\/wp-json\/wp\/v2\/media?parent=588"}],"curies":[{"name":"wp","href":"https:\/\/api.w.org\/{rel}","templated":true}]}}