{"id":526,"date":"2026-02-08T18:43:15","date_gmt":"2026-02-08T18:43:15","guid":{"rendered":"https:\/\/sinomanufactur.wpenginepowered.com\/nuestra-historia\/"},"modified":"2026-03-12T15:00:51","modified_gmt":"2026-03-12T15:00:51","slug":"nuestra-historia","status":"publish","type":"page","link":"https:\/\/sino-manufacturing.com\/es\/nuestra-historia\/","title":{"rendered":"Nuestra historia"},"content":{"rendered":"\t\t<div data-elementor-type=\"wp-page\" data-elementor-id=\"526\" class=\"elementor elementor-526 elementor-215\" data-elementor-post-type=\"page\">\n\t\t\t\t<div data-particle_enable=\"false\" data-particle-mobile-disabled=\"false\" class=\"elementor-element elementor-element-1b461b9 e-flex e-con-boxed e-con e-parent\" data-id=\"1b461b9\" data-element_type=\"container\" data-e-type=\"container\" data-settings=\"{&quot;background_background&quot;:&quot;classic&quot;}\">\n\t\t\t\t\t<div class=\"e-con-inner\">\n\t\t<div data-particle_enable=\"false\" data-particle-mobile-disabled=\"false\" class=\"elementor-element elementor-element-84a513b e-con-full e-flex e-con e-child\" data-id=\"84a513b\" data-element_type=\"container\" data-e-type=\"container\">\n\t\t\t\t<div class=\"elementor-element elementor-element-9fb3f5f elementor-widget elementor-widget-spacer\" data-id=\"9fb3f5f\" data-element_type=\"widget\" data-e-type=\"widget\" data-widget_type=\"spacer.default\">\n\t\t\t\t\t\t\t<div class=\"elementor-spacer\">\n\t\t\t<div class=\"elementor-spacer-inner\"><\/div>\n\t\t<\/div>\n\t\t\t\t\t\t<\/div>\n\t\t\t\t<div class=\"elementor-element elementor-element-d3533b0 elementor-widget elementor-widget-heading\" data-id=\"d3533b0\" data-element_type=\"widget\" data-e-type=\"widget\" data-widget_type=\"heading.default\">\n\t\t\t\t\t<h6 class=\"elementor-heading-title elementor-size-default\">Sobre nosotros<\/h6>\t\t\t\t<\/div>\n\t\t\t\t<div class=\"elementor-element elementor-element-1618f13 elementor-widget elementor-widget-heading\" data-id=\"1618f13\" data-element_type=\"widget\" data-e-type=\"widget\" data-widget_type=\"heading.default\">\n\t\t\t\t\t<h2 class=\"elementor-heading-title elementor-size-default\">Nuestra historia<\/h2>\t\t\t\t<\/div>\n\t\t\t\t<div class=\"elementor-element elementor-element-432bca6 elementor-widget elementor-widget-heading\" data-id=\"432bca6\" data-element_type=\"widget\" data-e-type=\"widget\" data-widget_type=\"heading.default\">\n\t\t\t\t\t<h4 class=\"elementor-heading-title elementor-size-default\">Mejorando a\u00f1o tras a\u00f1o<\/h4>\t\t\t\t<\/div>\n\t\t\t\t<\/div>\n\t\t<div data-particle_enable=\"false\" data-particle-mobile-disabled=\"false\" class=\"elementor-element elementor-element-97c086c e-con-full e-flex e-con e-child\" data-id=\"97c086c\" data-element_type=\"container\" data-e-type=\"container\">\n\t\t\t\t<div class=\"elementor-element elementor-element-096c341 elementor-widget elementor-widget-spacer\" data-id=\"096c341\" data-element_type=\"widget\" data-e-type=\"widget\" data-widget_type=\"spacer.default\">\n\t\t\t\t\t\t\t<div class=\"elementor-spacer\">\n\t\t\t<div class=\"elementor-spacer-inner\"><\/div>\n\t\t<\/div>\n\t\t\t\t\t\t<\/div>\n\t\t\t\t<div class=\"elementor-element elementor-element-7a58b94 elementor-widget elementor-widget-text-editor\" data-id=\"7a58b94\" data-element_type=\"widget\" data-e-type=\"widget\" data-widget_type=\"text-editor.default\">\n\t\t\t\t\t\t\t\t\t<p>Durante 20 a\u00f1os, Sino ha crecido de forma org\u00e1nica; no mediante la adquisici\u00f3n de otras empresas ni acelerada por grandes inyecciones de capital, sino desarrollando pacientemente sus capacidades y habilidades internas, al tiempo que se ganaba el respeto de clientes cada vez m\u00e1s importantes.<\/p>\t\t\t\t\t\t\t\t<\/div>\n\t\t\t\t<div class=\"elementor-element elementor-element-d12324f elementor-widget elementor-widget-spacer\" data-id=\"d12324f\" data-element_type=\"widget\" data-e-type=\"widget\" data-widget_type=\"spacer.default\">\n\t\t\t\t\t\t\t<div class=\"elementor-spacer\">\n\t\t\t<div class=\"elementor-spacer-inner\"><\/div>\n\t\t<\/div>\n\t\t\t\t\t\t<\/div>\n\t\t\t\t<\/div>\n\t\t\t\t\t<\/div>\n\t\t\t\t<\/div>\n\t\t<div data-particle_enable=\"false\" data-particle-mobile-disabled=\"false\" class=\"elementor-element elementor-element-862a401 e-flex e-con-boxed e-con e-parent\" data-id=\"862a401\" data-element_type=\"container\" data-e-type=\"container\">\n\t\t\t\t\t<div class=\"e-con-inner\">\n\t\t\t\t<div class=\"elementor-element elementor-element-9d38619 elementor-widget elementor-widget-eael-content-timeline\" data-id=\"9d38619\" data-element_type=\"widget\" data-e-type=\"widget\" data-widget_type=\"eael-content-timeline.default\">\n\t\t\t\t\t\t\t<div id=\"eael-content-timeline-9d38619\" class=\"content-timeline-layout-center date-position- horizontal-timeline-wrapper\" data-slide_to_scroll=\"{&quot;desktop&quot;:1,&quot;mobile&quot;:1,&quot;tablet&quot;:1}\">\n\t\t\t<div class=\"eael-content-timeline-container\">\n\t\t\t\t<div class=\"eael-content-timeline-container\">\n\t\t\t\t\t\t\t\t\t\t\t\t\t\t\t\t\t\t\t\t\t\t\t<div class=\"eael-content-timeline-block\">\n    <div class=\"eael-content-timeline-line\">\n        <div class=\"eael-content-timeline-inner\"><\/div>\n    <\/div>\n    <div class=\"eael-content-timeline-img eael-picture \"><\/div><div class=\"eael-content-timeline-content\"><span class=\"eael-date\">2003<\/span><h2 class=\"eael-timeline-title\"><\/h2><div class=\"eael-timeline-excerpt\"><p>La empresa fue fundada por Rob Harris en Bromsgrove (Reino Unido) y Li Xie en Jinan (China).<\/p>\n<p>La empresa actuaba como intermediaria para fabricantes chinos en Shangh\u00e1i, Ningbo y Jinan, ofreciendo utillaje para moldes de inyecci\u00f3n y componentes de ingenier\u00eda al mercado del Reino Unido.<\/p>\n<p><img decoding=\"async\" class=\"size-medium wp-image-216 aligncenter\" src=\"https:\/\/sinomanufactur.wpenginepowered.com\/wp-content\/uploads\/2026\/02\/timeline_2003_rob_harris_li_xie-660x341-1-300x155.jpg\" alt=\"\" width=\"300\" height=\"155\" srcset=\"https:\/\/sino-manufacturing.com\/wp-content\/uploads\/2026\/02\/timeline_2003_rob_harris_li_xie-660x341-1-300x155.jpg 300w, https:\/\/sino-manufacturing.com\/wp-content\/uploads\/2026\/02\/timeline_2003_rob_harris_li_xie-660x341-1.jpg 660w\" sizes=\"(max-width: 300px) 100vw, 300px\" \/><\/p>\n<\/div><\/div><\/div>\t\t\t\t\t\t\t\t\t\t\t\t\t\t\t\t\t\t<div class=\"eael-content-timeline-block\">\n    <div class=\"eael-content-timeline-line\">\n        <div class=\"eael-content-timeline-inner\"><\/div>\n    <\/div>\n    <div class=\"eael-content-timeline-img eael-picture \"><\/div><div class=\"eael-content-timeline-content\"><span class=\"eael-date\">2006<\/span><h2 class=\"eael-timeline-title\"><\/h2><div class=\"eael-timeline-excerpt\"><p>El equipo del Reino Unido se ampli\u00f3 y se traslad\u00f3 a unas oficinas m\u00e1s grandes en Solihull, Birmingham.<\/p>\n<p><img fetchpriority=\"high\" decoding=\"async\" class=\"size-medium wp-image-217 aligncenter\" src=\"https:\/\/sinomanufactur.wpenginepowered.com\/wp-content\/uploads\/2026\/02\/2006_solihul_office-500x500-1-300x300.jpg\" alt=\"\" width=\"300\" height=\"300\" srcset=\"https:\/\/sino-manufacturing.com\/wp-content\/uploads\/2026\/02\/2006_solihul_office-500x500-1-300x300.jpg 300w, https:\/\/sino-manufacturing.com\/wp-content\/uploads\/2026\/02\/2006_solihul_office-500x500-1-150x150.jpg 150w, https:\/\/sino-manufacturing.com\/wp-content\/uploads\/2026\/02\/2006_solihul_office-500x500-1.jpg 500w\" sizes=\"(max-width: 300px) 100vw, 300px\" \/><\/p>\n<\/div><\/div><\/div>\t\t\t\t\t\t\t\t\t\t\t\t\t\t\t\t\t\t<div class=\"eael-content-timeline-block\">\n    <div class=\"eael-content-timeline-line\">\n        <div class=\"eael-content-timeline-inner\"><\/div>\n    <\/div>\n    <div class=\"eael-content-timeline-img eael-picture \"><\/div><div class=\"eael-content-timeline-content\"><span class=\"eael-date\">2010<\/span><h2 class=\"eael-timeline-title\"><\/h2><div class=\"eael-timeline-excerpt\"><p>La empresa estableci\u00f3 su propia f\u00e1brica en Shenzhen e invirti\u00f3 en maquinaria para la fabricaci\u00f3n de herramientas, el moldeo por inyecci\u00f3n y el prensado de metales.<\/p>\n<p><img decoding=\"async\" class=\"size-medium wp-image-220 aligncenter\" src=\"https:\/\/sinomanufactur.wpenginepowered.com\/wp-content\/uploads\/2026\/02\/2010_shenzen_factory-500x500-1-300x300.jpg\" alt=\"\" width=\"300\" height=\"300\" srcset=\"https:\/\/sino-manufacturing.com\/wp-content\/uploads\/2026\/02\/2010_shenzen_factory-500x500-1-300x300.jpg 300w, https:\/\/sino-manufacturing.com\/wp-content\/uploads\/2026\/02\/2010_shenzen_factory-500x500-1-150x150.jpg 150w, https:\/\/sino-manufacturing.com\/wp-content\/uploads\/2026\/02\/2010_shenzen_factory-500x500-1.jpg 500w\" sizes=\"(max-width: 300px) 100vw, 300px\" \/><\/p>\n<p>El negocio continu\u00f3 creciendo, invirtiendo en tornos CNC y a\u00f1adiendo piezas torneadas a su creciente gama de servicios.<\/p><\/p>\n<\/div><\/div><\/div>\t\t\t\t\t\t\t\t\t\t\t\t\t\t\t\t\t\t<div class=\"eael-content-timeline-block\">\n    <div class=\"eael-content-timeline-line\">\n        <div class=\"eael-content-timeline-inner\"><\/div>\n    <\/div>\n    <div class=\"eael-content-timeline-img eael-picture \"><\/div><div class=\"eael-content-timeline-content\"><span class=\"eael-date\">2015<\/span><h2 class=\"eael-timeline-title\"><\/h2><div class=\"eael-timeline-excerpt\"><p><img loading=\"lazy\" decoding=\"async\" class=\"alignnone size-medium wp-image-223\" src=\"https:\/\/sinomanufactur.wpenginepowered.com\/wp-content\/uploads\/2026\/02\/timeline_2015_iso_9001-500x500-1-300x300.png\" alt=\"\" width=\"300\" height=\"300\" srcset=\"https:\/\/sino-manufacturing.com\/wp-content\/uploads\/2026\/02\/timeline_2015_iso_9001-500x500-1-300x300.png 300w, https:\/\/sino-manufacturing.com\/wp-content\/uploads\/2026\/02\/timeline_2015_iso_9001-500x500-1-150x150.png 150w, https:\/\/sino-manufacturing.com\/wp-content\/uploads\/2026\/02\/timeline_2015_iso_9001-500x500-1.png 500w\" sizes=\"(max-width: 300px) 100vw, 300px\" \/><\/p>\n<p>La empresa obtuvo la certificaci\u00f3n ISO 9001 y contin\u00faa captando nuevos clientes en una mayor variedad de sectores del mercado. La plantilla de la f\u00e1brica de Shenzhen sigui\u00f3 creciendo. El soporte t\u00e9cnico y de ventas se ampli\u00f3 m\u00e1s all\u00e1 del Reino Unido hacia Europa y Norteam\u00e9rica.  <\/p><\/p>\n<\/div><\/div><\/div>\t\t\t\t\t\t\t\t\t\t\t\t\t\t\t\t\t\t<div class=\"eael-content-timeline-block\">\n    <div class=\"eael-content-timeline-line\">\n        <div class=\"eael-content-timeline-inner\"><\/div>\n    <\/div>\n    <div class=\"eael-content-timeline-img eael-picture \"><\/div><div class=\"eael-content-timeline-content\"><span class=\"eael-date\">2019<\/span><h2 class=\"eael-timeline-title\"><\/h2><div class=\"eael-timeline-excerpt\"><p>Traslado a las nuevas oficinas en Frome Business Park, Somerset.<\/p>\n<p><img loading=\"lazy\" decoding=\"async\" class=\"alignnone size-medium wp-image-224\" src=\"https:\/\/sinomanufactur.wpenginepowered.com\/wp-content\/uploads\/2026\/02\/2019_frome_business_park-500x500-1-300x300.jpg\" alt=\"\" width=\"300\" height=\"300\" srcset=\"https:\/\/sino-manufacturing.com\/wp-content\/uploads\/2026\/02\/2019_frome_business_park-500x500-1-300x300.jpg 300w, https:\/\/sino-manufacturing.com\/wp-content\/uploads\/2026\/02\/2019_frome_business_park-500x500-1-150x150.jpg 150w, https:\/\/sino-manufacturing.com\/wp-content\/uploads\/2026\/02\/2019_frome_business_park-500x500-1.jpg 500w\" sizes=\"(max-width: 300px) 100vw, 300px\" \/><\/p>\n<\/div><\/div><\/div>\t\t\t\t\t\t\t\t\t\t\t\t\t\t\t\t\t\t<div class=\"eael-content-timeline-block\">\n    <div class=\"eael-content-timeline-line\">\n        <div class=\"eael-content-timeline-inner\"><\/div>\n    <\/div>\n    <div class=\"eael-content-timeline-img eael-picture \"><\/div><div class=\"eael-content-timeline-content\"><span class=\"eael-date\">2020<\/span><h2 class=\"eael-timeline-title\"><\/h2><div class=\"eael-timeline-excerpt\"><p>Sino se traslad\u00f3 a una f\u00e1brica de vanguardia de 54.000 pies cuadrados en Shenzhen. Se implant\u00f3 un sistema ERP de Epicor para mejorar la gesti\u00f3n de proyectos, producci\u00f3n, calidad, relaciones con los clientes y la cadena de suministro. <\/p>\n<p>Se a\u00f1adi\u00f3 un servicio de desarrollo y realizaci\u00f3n de productos. Tambi\u00e9n se desarroll\u00f3 un servicio de inventario gestionado por el proveedor (VMI) para proporcionar apoyo a la cadena de suministro en contratos de mayor envergadura. <\/p>\n<p><img loading=\"lazy\" decoding=\"async\" class=\"size-medium wp-image-225 aligncenter\" src=\"https:\/\/sinomanufactur.wpenginepowered.com\/wp-content\/uploads\/2026\/02\/timeline_2020_sino_factory-532x500-1-300x282.jpg\" alt=\"\" width=\"300\" height=\"282\" srcset=\"https:\/\/sino-manufacturing.com\/wp-content\/uploads\/2026\/02\/timeline_2020_sino_factory-532x500-1-300x282.jpg 300w, https:\/\/sino-manufacturing.com\/wp-content\/uploads\/2026\/02\/timeline_2020_sino_factory-532x500-1.jpg 532w\" sizes=\"(max-width: 300px) 100vw, 300px\" \/><\/p><\/p>\n<\/div><\/div><\/div>\t\t\t\t\t\t\t\t\t\t\t\t\t\t\t\t\t\t<div class=\"eael-content-timeline-block\">\n    <div class=\"eael-content-timeline-line\">\n        <div class=\"eael-content-timeline-inner\"><\/div>\n    <\/div>\n    <div class=\"eael-content-timeline-img eael-picture \"><\/div><div class=\"eael-content-timeline-content\"><span class=\"eael-date\">2023<\/span><h2 class=\"eael-timeline-title\"><\/h2><div class=\"eael-timeline-excerpt\"><p>Sino celebr\u00f3 su 20.\u00ba aniversario y comenz\u00f3 el a\u00f1o inaugurando un nuevo centro t\u00e9cnico y de ventas en Quer\u00e9taro (M\u00e9xico) para capitalizar el s\u00f3lido crecimiento interanual de la empresa en la regi\u00f3n. Jon Harris, vicepresidente de la divisi\u00f3n de Norteam\u00e9rica, se traslad\u00f3 all\u00ed y se consolid\u00f3 r\u00e1pidamente al conseguir varios pedidos importantes de grandes corporaciones mundiales con plantas de fabricaci\u00f3n locales. <\/p>\n<p><img loading=\"lazy\" decoding=\"async\" class=\"size-medium wp-image-226 aligncenter\" src=\"https:\/\/sinomanufactur.wpenginepowered.com\/wp-content\/uploads\/2026\/02\/7564_Sino20_History_Image_v1-500x500-1-300x300.png\" alt=\"\" width=\"300\" height=\"300\" srcset=\"https:\/\/sino-manufacturing.com\/wp-content\/uploads\/2026\/02\/7564_Sino20_History_Image_v1-500x500-1-300x300.png 300w, https:\/\/sino-manufacturing.com\/wp-content\/uploads\/2026\/02\/7564_Sino20_History_Image_v1-500x500-1-150x150.png 150w, https:\/\/sino-manufacturing.com\/wp-content\/uploads\/2026\/02\/7564_Sino20_History_Image_v1-500x500-1.png 500w\" sizes=\"(max-width: 300px) 100vw, 300px\" \/><\/p>\n<\/div><\/div><\/div>\t\t\t\t<\/div>\n\t\t\t<\/div>\n\t\t<\/div>\n\t\t\t\t\t<\/div>\n\t\t\t\t\t<\/div>\n\t\t\t\t<\/div>\n\t\t\t\t<\/div>\n\t\t","protected":false},"excerpt":{"rendered":"<p>Sobre nosotros Nuestra historia Mejorando a\u00f1o tras a\u00f1o Durante 20 a\u00f1os, Sino ha crecido de forma org\u00e1nica; no mediante la adquisici\u00f3n de otras empresas ni acelerada por grandes inyecciones de capital, sino desarrollando pacientemente sus capacidades y habilidades internas, al tiempo que se ganaba el respeto de clientes cada vez m\u00e1s importantes. 2003 La empresa [&hellip;]<\/p>\n","protected":false},"author":2,"featured_media":0,"parent":0,"menu_order":0,"comment_status":"closed","ping_status":"open","template":"","meta":{"footnotes":""},"class_list":["post-526","page","type-page","status-publish","hentry"],"yoast_head":"<!-- This site is optimized with the Yoast SEO plugin v27.3 - https:\/\/yoast.com\/product\/yoast-seo-wordpress\/ -->\n<title>Nuestra historia - Sino Manufacturing<\/title>\n<meta name=\"robots\" content=\"index, follow, max-snippet:-1, max-image-preview:large, max-video-preview:-1\" \/>\n<link rel=\"canonical\" href=\"https:\/\/sino-manufacturing.com\/es\/nuestra-historia\/\" \/>\n<meta property=\"og:locale\" content=\"es_ES\" \/>\n<meta property=\"og:type\" content=\"article\" \/>\n<meta property=\"og:title\" content=\"Nuestra historia - Sino Manufacturing\" \/>\n<meta property=\"og:description\" content=\"Sobre nosotros Nuestra historia Mejorando a\u00f1o tras a\u00f1o Durante 20 a\u00f1os, Sino ha crecido de forma org\u00e1nica; no mediante la adquisici\u00f3n de otras empresas ni acelerada por grandes inyecciones de capital, sino desarrollando pacientemente sus capacidades y habilidades internas, al tiempo que se ganaba el respeto de clientes cada vez m\u00e1s importantes. 2003 La empresa [&hellip;]\" \/>\n<meta property=\"og:url\" content=\"https:\/\/sino-manufacturing.com\/es\/nuestra-historia\/\" \/>\n<meta property=\"og:site_name\" content=\"Sino Manufacturing\" \/>\n<meta property=\"article:modified_time\" content=\"2026-03-12T15:00:51+00:00\" \/>\n<meta property=\"og:image\" content=\"https:\/\/sino-manufacturing.com\/wp-content\/uploads\/2026\/02\/timeline_2003_rob_harris_li_xie-660x341-1.jpg\" \/>\n\t<meta property=\"og:image:width\" content=\"660\" \/>\n\t<meta property=\"og:image:height\" content=\"341\" \/>\n\t<meta property=\"og:image:type\" content=\"image\/jpeg\" \/>\n<meta name=\"twitter:card\" content=\"summary_large_image\" \/>\n<meta name=\"twitter:label1\" content=\"Tiempo de lectura\" \/>\n\t<meta name=\"twitter:data1\" content=\"2 minutos\" \/>\n<script type=\"application\/ld+json\" class=\"yoast-schema-graph\">{\"@context\":\"https:\\\/\\\/schema.org\",\"@graph\":[{\"@type\":\"WebPage\",\"@id\":\"https:\\\/\\\/sino-manufacturing.com\\\/es\\\/nuestra-historia\\\/\",\"url\":\"https:\\\/\\\/sino-manufacturing.com\\\/es\\\/nuestra-historia\\\/\",\"name\":\"Nuestra historia - Sino Manufacturing\",\"isPartOf\":{\"@id\":\"https:\\\/\\\/sino-manufacturing.com\\\/es\\\/#website\"},\"primaryImageOfPage\":{\"@id\":\"https:\\\/\\\/sino-manufacturing.com\\\/es\\\/nuestra-historia\\\/#primaryimage\"},\"image\":{\"@id\":\"https:\\\/\\\/sino-manufacturing.com\\\/es\\\/nuestra-historia\\\/#primaryimage\"},\"thumbnailUrl\":\"https:\\\/\\\/sino-manufacturing.com\\\/wp-content\\\/uploads\\\/2026\\\/02\\\/timeline_2003_rob_harris_li_xie-660x341-1-300x155.jpg\",\"datePublished\":\"2026-02-08T18:43:15+00:00\",\"dateModified\":\"2026-03-12T15:00:51+00:00\",\"breadcrumb\":{\"@id\":\"https:\\\/\\\/sino-manufacturing.com\\\/es\\\/nuestra-historia\\\/#breadcrumb\"},\"inLanguage\":\"es\",\"potentialAction\":[{\"@type\":\"ReadAction\",\"target\":[\"https:\\\/\\\/sino-manufacturing.com\\\/es\\\/nuestra-historia\\\/\"]}]},{\"@type\":\"ImageObject\",\"inLanguage\":\"es\",\"@id\":\"https:\\\/\\\/sino-manufacturing.com\\\/es\\\/nuestra-historia\\\/#primaryimage\",\"url\":\"https:\\\/\\\/sino-manufacturing.com\\\/wp-content\\\/uploads\\\/2026\\\/02\\\/timeline_2003_rob_harris_li_xie-660x341-1-300x155.jpg\",\"contentUrl\":\"https:\\\/\\\/sino-manufacturing.com\\\/wp-content\\\/uploads\\\/2026\\\/02\\\/timeline_2003_rob_harris_li_xie-660x341-1-300x155.jpg\"},{\"@type\":\"BreadcrumbList\",\"@id\":\"https:\\\/\\\/sino-manufacturing.com\\\/es\\\/nuestra-historia\\\/#breadcrumb\",\"itemListElement\":[{\"@type\":\"ListItem\",\"position\":1,\"name\":\"Home\",\"item\":\"https:\\\/\\\/sino-manufacturing.com\\\/es\\\/home\\\/\"},{\"@type\":\"ListItem\",\"position\":2,\"name\":\"Nuestra historia\"}]},{\"@type\":\"WebSite\",\"@id\":\"https:\\\/\\\/sino-manufacturing.com\\\/es\\\/#website\",\"url\":\"https:\\\/\\\/sino-manufacturing.com\\\/es\\\/\",\"name\":\"Sino-Manufacturing Website\",\"description\":\"Making things better.\",\"publisher\":{\"@id\":\"https:\\\/\\\/sino-manufacturing.com\\\/es\\\/#organization\"},\"potentialAction\":[{\"@type\":\"SearchAction\",\"target\":{\"@type\":\"EntryPoint\",\"urlTemplate\":\"https:\\\/\\\/sino-manufacturing.com\\\/es\\\/?s={search_term_string}\"},\"query-input\":{\"@type\":\"PropertyValueSpecification\",\"valueRequired\":true,\"valueName\":\"search_term_string\"}}],\"inLanguage\":\"es\"},{\"@type\":\"Organization\",\"@id\":\"https:\\\/\\\/sino-manufacturing.com\\\/es\\\/#organization\",\"name\":\"Sino-Manufacturing\",\"url\":\"https:\\\/\\\/sino-manufacturing.com\\\/es\\\/\",\"logo\":{\"@type\":\"ImageObject\",\"inLanguage\":\"es\",\"@id\":\"https:\\\/\\\/sino-manufacturing.com\\\/es\\\/#\\\/schema\\\/logo\\\/image\\\/\",\"url\":\"https:\\\/\\\/sino-manufacturing.com\\\/wp-content\\\/uploads\\\/2026\\\/01\\\/Sino-Deep-blue_3.406577.png\",\"contentUrl\":\"https:\\\/\\\/sino-manufacturing.com\\\/wp-content\\\/uploads\\\/2026\\\/01\\\/Sino-Deep-blue_3.406577.png\",\"width\":1600,\"height\":900,\"caption\":\"Sino-Manufacturing\"},\"image\":{\"@id\":\"https:\\\/\\\/sino-manufacturing.com\\\/es\\\/#\\\/schema\\\/logo\\\/image\\\/\"},\"sameAs\":[\"https:\\\/\\\/www.linkedin.com\\\/company\\\/sino-manufacturing-solutions\\\/\"]}]}<\/script>\n<!-- \/ Yoast SEO plugin. -->","yoast_head_json":{"title":"Nuestra historia - Sino Manufacturing","robots":{"index":"index","follow":"follow","max-snippet":"max-snippet:-1","max-image-preview":"max-image-preview:large","max-video-preview":"max-video-preview:-1"},"canonical":"https:\/\/sino-manufacturing.com\/es\/nuestra-historia\/","og_locale":"es_ES","og_type":"article","og_title":"Nuestra historia - Sino Manufacturing","og_description":"Sobre nosotros Nuestra historia Mejorando a\u00f1o tras a\u00f1o Durante 20 a\u00f1os, Sino ha crecido de forma org\u00e1nica; no mediante la adquisici\u00f3n de otras empresas ni acelerada por grandes inyecciones de capital, sino desarrollando pacientemente sus capacidades y habilidades internas, al tiempo que se ganaba el respeto de clientes cada vez m\u00e1s importantes. 2003 La empresa [&hellip;]","og_url":"https:\/\/sino-manufacturing.com\/es\/nuestra-historia\/","og_site_name":"Sino Manufacturing","article_modified_time":"2026-03-12T15:00:51+00:00","og_image":[{"width":660,"height":341,"url":"https:\/\/sino-manufacturing.com\/wp-content\/uploads\/2026\/02\/timeline_2003_rob_harris_li_xie-660x341-1.jpg","type":"image\/jpeg"}],"twitter_card":"summary_large_image","twitter_misc":{"Tiempo de lectura":"2 minutos"},"schema":{"@context":"https:\/\/schema.org","@graph":[{"@type":"WebPage","@id":"https:\/\/sino-manufacturing.com\/es\/nuestra-historia\/","url":"https:\/\/sino-manufacturing.com\/es\/nuestra-historia\/","name":"Nuestra historia - Sino Manufacturing","isPartOf":{"@id":"https:\/\/sino-manufacturing.com\/es\/#website"},"primaryImageOfPage":{"@id":"https:\/\/sino-manufacturing.com\/es\/nuestra-historia\/#primaryimage"},"image":{"@id":"https:\/\/sino-manufacturing.com\/es\/nuestra-historia\/#primaryimage"},"thumbnailUrl":"https:\/\/sino-manufacturing.com\/wp-content\/uploads\/2026\/02\/timeline_2003_rob_harris_li_xie-660x341-1-300x155.jpg","datePublished":"2026-02-08T18:43:15+00:00","dateModified":"2026-03-12T15:00:51+00:00","breadcrumb":{"@id":"https:\/\/sino-manufacturing.com\/es\/nuestra-historia\/#breadcrumb"},"inLanguage":"es","potentialAction":[{"@type":"ReadAction","target":["https:\/\/sino-manufacturing.com\/es\/nuestra-historia\/"]}]},{"@type":"ImageObject","inLanguage":"es","@id":"https:\/\/sino-manufacturing.com\/es\/nuestra-historia\/#primaryimage","url":"https:\/\/sino-manufacturing.com\/wp-content\/uploads\/2026\/02\/timeline_2003_rob_harris_li_xie-660x341-1-300x155.jpg","contentUrl":"https:\/\/sino-manufacturing.com\/wp-content\/uploads\/2026\/02\/timeline_2003_rob_harris_li_xie-660x341-1-300x155.jpg"},{"@type":"BreadcrumbList","@id":"https:\/\/sino-manufacturing.com\/es\/nuestra-historia\/#breadcrumb","itemListElement":[{"@type":"ListItem","position":1,"name":"Home","item":"https:\/\/sino-manufacturing.com\/es\/home\/"},{"@type":"ListItem","position":2,"name":"Nuestra historia"}]},{"@type":"WebSite","@id":"https:\/\/sino-manufacturing.com\/es\/#website","url":"https:\/\/sino-manufacturing.com\/es\/","name":"Sino-Manufacturing Website","description":"Making things better.","publisher":{"@id":"https:\/\/sino-manufacturing.com\/es\/#organization"},"potentialAction":[{"@type":"SearchAction","target":{"@type":"EntryPoint","urlTemplate":"https:\/\/sino-manufacturing.com\/es\/?s={search_term_string}"},"query-input":{"@type":"PropertyValueSpecification","valueRequired":true,"valueName":"search_term_string"}}],"inLanguage":"es"},{"@type":"Organization","@id":"https:\/\/sino-manufacturing.com\/es\/#organization","name":"Sino-Manufacturing","url":"https:\/\/sino-manufacturing.com\/es\/","logo":{"@type":"ImageObject","inLanguage":"es","@id":"https:\/\/sino-manufacturing.com\/es\/#\/schema\/logo\/image\/","url":"https:\/\/sino-manufacturing.com\/wp-content\/uploads\/2026\/01\/Sino-Deep-blue_3.406577.png","contentUrl":"https:\/\/sino-manufacturing.com\/wp-content\/uploads\/2026\/01\/Sino-Deep-blue_3.406577.png","width":1600,"height":900,"caption":"Sino-Manufacturing"},"image":{"@id":"https:\/\/sino-manufacturing.com\/es\/#\/schema\/logo\/image\/"},"sameAs":["https:\/\/www.linkedin.com\/company\/sino-manufacturing-solutions\/"]}]}},"_links":{"self":[{"href":"https:\/\/sino-manufacturing.com\/es\/wp-json\/wp\/v2\/pages\/526","targetHints":{"allow":["GET"]}}],"collection":[{"href":"https:\/\/sino-manufacturing.com\/es\/wp-json\/wp\/v2\/pages"}],"about":[{"href":"https:\/\/sino-manufacturing.com\/es\/wp-json\/wp\/v2\/types\/page"}],"author":[{"embeddable":true,"href":"https:\/\/sino-manufacturing.com\/es\/wp-json\/wp\/v2\/users\/2"}],"replies":[{"embeddable":true,"href":"https:\/\/sino-manufacturing.com\/es\/wp-json\/wp\/v2\/comments?post=526"}],"version-history":[{"count":0,"href":"https:\/\/sino-manufacturing.com\/es\/wp-json\/wp\/v2\/pages\/526\/revisions"}],"wp:attachment":[{"href":"https:\/\/sino-manufacturing.com\/es\/wp-json\/wp\/v2\/media?parent=526"}],"curies":[{"name":"wp","href":"https:\/\/api.w.org\/{rel}","templated":true}]}}