{"id":473,"date":"2026-02-22T15:39:37","date_gmt":"2026-02-22T15:39:37","guid":{"rendered":"https:\/\/sinomanufactur.wpenginepowered.com\/electrodomesticos\/"},"modified":"2026-03-05T14:53:29","modified_gmt":"2026-03-05T14:53:29","slug":"electrodomesticos","status":"publish","type":"page","link":"https:\/\/sino-manufacturing.com\/es\/sectores-de-mercado\/electrodomesticos\/","title":{"rendered":"Electrodom\u00e9sticos"},"content":{"rendered":"\t\t<div data-elementor-type=\"wp-page\" data-elementor-id=\"473\" class=\"elementor elementor-473 elementor-371\" data-elementor-post-type=\"page\">\n\t\t\t\t<div data-particle_enable=\"false\" data-particle-mobile-disabled=\"false\" class=\"elementor-element elementor-element-30dad0a5 e-con-full e-flex e-con e-parent\" data-id=\"30dad0a5\" data-element_type=\"container\" data-e-type=\"container\" data-settings=\"{&quot;background_background&quot;:&quot;classic&quot;}\">\n\t\t<div data-particle_enable=\"false\" data-particle-mobile-disabled=\"false\" class=\"elementor-element elementor-element-743e3c06 e-con-full e-flex e-con e-child\" data-id=\"743e3c06\" data-element_type=\"container\" data-e-type=\"container\" data-settings=\"{&quot;background_background&quot;:&quot;classic&quot;}\">\n\t\t\t\t<\/div>\n\t\t<div data-particle_enable=\"false\" data-particle-mobile-disabled=\"false\" class=\"elementor-element elementor-element-394a6480 e-con-full e-flex e-con e-child\" data-id=\"394a6480\" data-element_type=\"container\" data-e-type=\"container\" data-settings=\"{&quot;background_background&quot;:&quot;classic&quot;}\">\n\t\t<div data-particle_enable=\"false\" data-particle-mobile-disabled=\"false\" class=\"elementor-element elementor-element-8d8dd55 e-con-full e-flex e-con e-child\" data-id=\"8d8dd55\" data-element_type=\"container\" data-e-type=\"container\">\n\t\t\t\t<div class=\"elementor-element elementor-element-47981046 elementor-widget elementor-widget-heading\" data-id=\"47981046\" data-element_type=\"widget\" data-e-type=\"widget\" data-widget_type=\"heading.default\">\n\t\t\t\t\t<h6 class=\"elementor-heading-title elementor-size-default\">Sectores de mercado\n\n<\/h6>\t\t\t\t<\/div>\n\t\t\t\t<div class=\"elementor-element elementor-element-f3f58a0 elementor-widget elementor-widget-heading\" data-id=\"f3f58a0\" data-element_type=\"widget\" data-e-type=\"widget\" data-widget_type=\"heading.default\">\n\t\t\t\t\t<h1 class=\"elementor-heading-title elementor-size-default\">Dise\u00f1o, estampaci\u00f3n met\u00e1lica e inyecci\u00f3n de pl\u00e1stico para iluminaci\u00f3n comercial<\/h1>\t\t\t\t<\/div>\n\t\t\t\t<div class=\"elementor-element elementor-element-7c8f8907 elementor-widget elementor-widget-text-editor\" data-id=\"7c8f8907\" data-element_type=\"widget\" data-e-type=\"widget\" data-widget_type=\"text-editor.default\">\n\t\t\t\t\t\t\t\t\t<p>Desde 2003, nuestro equipo de expertos ha ayudado a numerosos clientes de renombre mundial con una amplia variedad de proyectos de fabricaci\u00f3n y dise\u00f1o en el sector de la iluminaci\u00f3n comercial.<\/p>\t\t\t\t\t\t\t\t<\/div>\n\t\t\t\t<\/div>\n\t\t\t\t<\/div>\n\t\t\t\t<\/div>\n\t\t<div data-particle_enable=\"false\" data-particle-mobile-disabled=\"false\" class=\"elementor-element elementor-element-5f17f41c e-flex e-con-boxed e-con e-parent\" data-id=\"5f17f41c\" data-element_type=\"container\" data-e-type=\"container\">\n\t\t\t\t\t<div class=\"e-con-inner\">\n\t\t\t\t<div class=\"elementor-element elementor-element-37490a17 elementor-widget elementor-widget-spacer\" data-id=\"37490a17\" data-element_type=\"widget\" data-e-type=\"widget\" data-widget_type=\"spacer.default\">\n\t\t\t\t\t\t\t<div class=\"elementor-spacer\">\n\t\t\t<div class=\"elementor-spacer-inner\"><\/div>\n\t\t<\/div>\n\t\t\t\t\t\t<\/div>\n\t\t<div data-particle_enable=\"false\" data-particle-mobile-disabled=\"false\" class=\"elementor-element elementor-element-1eabc005 e-con-full e-flex e-con e-child\" data-id=\"1eabc005\" data-element_type=\"container\" data-e-type=\"container\">\n\t\t<div data-particle_enable=\"false\" data-particle-mobile-disabled=\"false\" class=\"elementor-element elementor-element-ac85c4b e-con-full e-flex e-con e-child\" data-id=\"ac85c4b\" data-element_type=\"container\" data-e-type=\"container\">\n\t\t\t\t<div class=\"elementor-element elementor-element-4f9075cb elementor-widget elementor-widget-image\" data-id=\"4f9075cb\" data-element_type=\"widget\" data-e-type=\"widget\" data-widget_type=\"image.default\">\n\t\t\t\t\t\t\t\t\t\t\t\t\t\t\t<img fetchpriority=\"high\" decoding=\"async\" width=\"800\" height=\"624\" src=\"https:\/\/sino-manufacturing.com\/wp-content\/uploads\/2026\/02\/in_house_facilities.jpg\" class=\"attachment-large size-large wp-image-478\" alt=\"\" srcset=\"https:\/\/sino-manufacturing.com\/wp-content\/uploads\/2026\/02\/in_house_facilities.jpg 1000w, https:\/\/sino-manufacturing.com\/wp-content\/uploads\/2026\/02\/in_house_facilities-300x234.jpg 300w, https:\/\/sino-manufacturing.com\/wp-content\/uploads\/2026\/02\/in_house_facilities-768x599.jpg 768w\" sizes=\"(max-width: 800px) 100vw, 800px\" \/>\t\t\t\t\t\t\t\t\t\t\t\t\t\t\t<\/div>\n\t\t\t\t<\/div>\n\t\t<div data-particle_enable=\"false\" data-particle-mobile-disabled=\"false\" class=\"elementor-element elementor-element-28cbb8e8 e-con-full e-flex e-con e-child\" data-id=\"28cbb8e8\" data-element_type=\"container\" data-e-type=\"container\">\n\t\t\t\t<div class=\"elementor-element elementor-element-334d152 elementor-widget__width-initial elementor-widget elementor-widget-heading\" data-id=\"334d152\" data-element_type=\"widget\" data-e-type=\"widget\" data-widget_type=\"heading.default\">\n\t\t\t\t\t<h1 class=\"elementor-heading-title elementor-size-default\">Equipos expertos especializados y fabricaci\u00f3n\n<\/h1>\t\t\t\t<\/div>\n\t\t\t\t<div class=\"elementor-element elementor-element-95d9b5d elementor-widget elementor-widget-text-editor\" data-id=\"95d9b5d\" data-element_type=\"widget\" data-e-type=\"widget\" data-widget_type=\"text-editor.default\">\n\t\t\t\t\t\t\t\t\t<div class=\"content-block copy-block bg-white translow\"><p>Nuestro equipo de dise\u00f1o de productos de iluminaci\u00f3n y nuestra reconocida experiencia en moldeo por inyecci\u00f3n nos convierten en la soluci\u00f3n perfecta para empresas de iluminaci\u00f3n de todo el mundo. Nuestras soluciones de iluminaci\u00f3n comercial incluyen carcasas para diversos l\u00edderes del mercado en la industria de la iluminaci\u00f3n. Tambi\u00e9n contamos con m\u00e1s de 15 a\u00f1os de experiencia en la producci\u00f3n de estampaciones met\u00e1licas de alta calidad y utillaje de estampaci\u00f3n met\u00e1lica desde nuestra propia f\u00e1brica en Shenzhen y nuestra planta especializada de estampaci\u00f3n met\u00e1lica en Ningbo.   <\/p><\/div><div class=\"content-block image-block gorel translow\"> <\/div><p>No solo podemos dise\u00f1ar y fabricar productos dom\u00e9sticos para el sector minorista, sino que tambi\u00e9n realizamos pruebas rigurosas, empaquetamos los productos terminados con los manuales necesarios y organizamos la entrega.<\/p>\t\t\t\t\t\t\t\t<\/div>\n\t\t\t\t<\/div>\n\t\t\t\t<\/div>\n\t\t\t\t<div class=\"elementor-element elementor-element-45a2e04 elementor-widget elementor-widget-spacer\" data-id=\"45a2e04\" data-element_type=\"widget\" data-e-type=\"widget\" data-widget_type=\"spacer.default\">\n\t\t\t\t\t\t\t<div class=\"elementor-spacer\">\n\t\t\t<div class=\"elementor-spacer-inner\"><\/div>\n\t\t<\/div>\n\t\t\t\t\t\t<\/div>\n\t\t\t\t\t<\/div>\n\t\t\t\t<\/div>\n\t\t<div data-particle_enable=\"false\" data-particle-mobile-disabled=\"false\" class=\"elementor-element elementor-element-739789e e-flex e-con-boxed e-con e-parent\" data-id=\"739789e\" data-element_type=\"container\" data-e-type=\"container\">\n\t\t\t\t\t<div class=\"e-con-inner\">\n\t\t\t\t<div class=\"elementor-element elementor-element-136b406 elementor-widget elementor-widget-spacer\" data-id=\"136b406\" data-element_type=\"widget\" data-e-type=\"widget\" data-widget_type=\"spacer.default\">\n\t\t\t\t\t\t\t<div class=\"elementor-spacer\">\n\t\t\t<div class=\"elementor-spacer-inner\"><\/div>\n\t\t<\/div>\n\t\t\t\t\t\t<\/div>\n\t\t<div data-particle_enable=\"false\" data-particle-mobile-disabled=\"false\" class=\"elementor-element elementor-element-5fb8367 e-con-full e-flex e-con e-child\" data-id=\"5fb8367\" data-element_type=\"container\" data-e-type=\"container\">\n\t\t<div data-particle_enable=\"false\" data-particle-mobile-disabled=\"false\" class=\"elementor-element elementor-element-d59432e e-con-full e-flex e-con e-child\" data-id=\"d59432e\" data-element_type=\"container\" data-e-type=\"container\">\n\t\t\t\t<div class=\"elementor-element elementor-element-7b3dcc1 elementor-widget elementor-widget-image\" data-id=\"7b3dcc1\" data-element_type=\"widget\" data-e-type=\"widget\" data-widget_type=\"image.default\">\n\t\t\t\t\t\t\t\t\t\t\t\t\t\t\t<img decoding=\"async\" width=\"800\" height=\"626\" src=\"https:\/\/sino-manufacturing.com\/wp-content\/uploads\/2026\/02\/highest_quality_standards_lighting.jpg\" class=\"attachment-large size-large wp-image-479\" alt=\"\" srcset=\"https:\/\/sino-manufacturing.com\/wp-content\/uploads\/2026\/02\/highest_quality_standards_lighting.jpg 1000w, https:\/\/sino-manufacturing.com\/wp-content\/uploads\/2026\/02\/highest_quality_standards_lighting-300x235.jpg 300w, https:\/\/sino-manufacturing.com\/wp-content\/uploads\/2026\/02\/highest_quality_standards_lighting-768x601.jpg 768w\" sizes=\"(max-width: 800px) 100vw, 800px\" \/>\t\t\t\t\t\t\t\t\t\t\t\t\t\t\t<\/div>\n\t\t\t\t<\/div>\n\t\t<div data-particle_enable=\"false\" data-particle-mobile-disabled=\"false\" class=\"elementor-element elementor-element-526522b e-con-full e-flex e-con e-child\" data-id=\"526522b\" data-element_type=\"container\" data-e-type=\"container\">\n\t\t\t\t<div class=\"elementor-element elementor-element-caea6a1 elementor-widget__width-initial elementor-widget elementor-widget-heading\" data-id=\"caea6a1\" data-element_type=\"widget\" data-e-type=\"widget\" data-widget_type=\"heading.default\">\n\t\t\t\t\t<h1 class=\"elementor-heading-title elementor-size-default\">Est\u00e1ndares de calidad m\u00e1s exigentes\n\n<\/h1>\t\t\t\t<\/div>\n\t\t\t\t<div class=\"elementor-element elementor-element-d0185ca elementor-widget elementor-widget-text-editor\" data-id=\"d0185ca\" data-element_type=\"widget\" data-e-type=\"widget\" data-widget_type=\"text-editor.default\">\n\t\t\t\t\t\t\t\t\t<p>Cualesquiera que sean sus necesidades en iluminaci\u00f3n, ya sea dise\u00f1o de productos de iluminaci\u00f3n, moldeo por inyecci\u00f3n especializado para iluminaci\u00f3n, estampaciones met\u00e1licas o utillaje, en SINO podemos ayudarle. <\/p><p>Independientemente de cu\u00e1les sean sus especificaciones de iluminaci\u00f3n comercial, podemos gestionarlas, desde grandes a peque\u00f1as y de simples a complejas, con importantes ahorros de costes. Nuestro sistema de gesti\u00f3n de calidad est\u00e1 certificado seg\u00fan <a href=\"https:\/\/www.iso.org\/standard\/62085.html\">ISO 9001 2015<\/a>, lo que le proporciona total tranquilidad. <\/p><p>P\u00f3ngase en contacto con nuestro equipo especializado hoy mismo para obtener m\u00e1s informaci\u00f3n sobre nuestras soluciones de fabricaci\u00f3n rentables.<\/p>\t\t\t\t\t\t\t\t<\/div>\n\t\t\t\t<\/div>\n\t\t\t\t<\/div>\n\t\t\t\t<div class=\"elementor-element elementor-element-a885043 elementor-widget elementor-widget-spacer\" data-id=\"a885043\" data-element_type=\"widget\" data-e-type=\"widget\" data-widget_type=\"spacer.default\">\n\t\t\t\t\t\t\t<div class=\"elementor-spacer\">\n\t\t\t<div class=\"elementor-spacer-inner\"><\/div>\n\t\t<\/div>\n\t\t\t\t\t\t<\/div>\n\t\t\t\t\t<\/div>\n\t\t\t\t<\/div>\n\t\t<div data-particle_enable=\"false\" data-particle-mobile-disabled=\"false\" class=\"elementor-element elementor-element-6af02a6 e-flex e-con-boxed e-con e-parent\" data-id=\"6af02a6\" data-element_type=\"container\" data-e-type=\"container\" data-settings=\"{&quot;background_background&quot;:&quot;classic&quot;}\">\n\t\t\t\t\t<div class=\"e-con-inner\">\n\t\t\t\t<div class=\"elementor-element elementor-element-a95843b elementor-widget elementor-widget-spacer\" data-id=\"a95843b\" data-element_type=\"widget\" data-e-type=\"widget\" data-widget_type=\"spacer.default\">\n\t\t\t\t\t\t\t<div class=\"elementor-spacer\">\n\t\t\t<div class=\"elementor-spacer-inner\"><\/div>\n\t\t<\/div>\n\t\t\t\t\t\t<\/div>\n\t\t\t\t<div class=\"elementor-element elementor-element-45e56b5 elementor-blockquote--skin-border elementor-widget elementor-widget-blockquote\" data-id=\"45e56b5\" data-element_type=\"widget\" data-e-type=\"widget\" data-widget_type=\"blockquote.default\">\n\t\t\t\t\t\t\t<blockquote class=\"elementor-blockquote\">\n\t\t\t<p class=\"elementor-blockquote__content\">\n\t\t\t\tGracias al equipo del Reino Unido y al equipo de China por esforzarse tanto para fabricar las herramientas y las piezas en el plazo que les dimos. S\u00e9 lo dif\u00edcil que fue, \u00a1pero lo lograron! Sin esto no habr\u00edamos podido mostrar nuestros productos en Firex Show.  \n\n\t\t\t<\/p>\n\t\t\t\t\t\t\t<div class=\"e-q-footer\">\n\t\t\t\t\t\t\t\t\t\t\t<cite class=\"elementor-blockquote__author\">Giles Hemmings, Technical Director, Bull Products<\/cite>\n\t\t\t\t\t\t\t\t\t\t\t\t\t\t<\/div>\n\t\t\t\t\t<\/blockquote>\n\t\t\t\t\t\t<\/div>\n\t\t\t\t<div class=\"elementor-element elementor-element-70b66ce elementor-widget elementor-widget-spacer\" data-id=\"70b66ce\" data-element_type=\"widget\" data-e-type=\"widget\" data-widget_type=\"spacer.default\">\n\t\t\t\t\t\t\t<div class=\"elementor-spacer\">\n\t\t\t<div class=\"elementor-spacer-inner\"><\/div>\n\t\t<\/div>\n\t\t\t\t\t\t<\/div>\n\t\t\t\t\t<\/div>\n\t\t\t\t<\/div>\n\t\t\t\t<\/div>\n\t\t","protected":false},"excerpt":{"rendered":"<p>Sectores de mercado Dise\u00f1o, estampaci\u00f3n met\u00e1lica e inyecci\u00f3n de pl\u00e1stico para iluminaci\u00f3n comercial Desde 2003, nuestro equipo de expertos ha ayudado a numerosos clientes de renombre mundial con una amplia variedad de proyectos de fabricaci\u00f3n y dise\u00f1o en el sector de la iluminaci\u00f3n comercial. Equipos expertos especializados y fabricaci\u00f3n Nuestro equipo de dise\u00f1o de productos [&hellip;]<\/p>\n","protected":false},"author":2,"featured_media":0,"parent":516,"menu_order":0,"comment_status":"closed","ping_status":"closed","template":"","meta":{"footnotes":""},"class_list":["post-473","page","type-page","status-publish","hentry"],"yoast_head":"<!-- This site is optimized with the Yoast SEO plugin v27.3 - https:\/\/yoast.com\/product\/yoast-seo-wordpress\/ -->\n<title>Electrodom\u00e9sticos - Sino Manufacturing<\/title>\n<meta name=\"robots\" content=\"index, follow, max-snippet:-1, max-image-preview:large, max-video-preview:-1\" \/>\n<link rel=\"canonical\" href=\"https:\/\/sino-manufacturing.com\/es\/sectores-de-mercado\/electrodomesticos\/\" \/>\n<meta property=\"og:locale\" content=\"es_ES\" \/>\n<meta property=\"og:type\" content=\"article\" \/>\n<meta property=\"og:title\" content=\"Electrodom\u00e9sticos - Sino Manufacturing\" \/>\n<meta property=\"og:description\" content=\"Sectores de mercado Dise\u00f1o, estampaci\u00f3n met\u00e1lica e inyecci\u00f3n de pl\u00e1stico para iluminaci\u00f3n comercial Desde 2003, nuestro equipo de expertos ha ayudado a numerosos clientes de renombre mundial con una amplia variedad de proyectos de fabricaci\u00f3n y dise\u00f1o en el sector de la iluminaci\u00f3n comercial. Equipos expertos especializados y fabricaci\u00f3n Nuestro equipo de dise\u00f1o de productos [&hellip;]\" \/>\n<meta property=\"og:url\" content=\"https:\/\/sino-manufacturing.com\/es\/sectores-de-mercado\/electrodomesticos\/\" \/>\n<meta property=\"og:site_name\" content=\"Sino Manufacturing\" \/>\n<meta property=\"article:modified_time\" content=\"2026-03-05T14:53:29+00:00\" \/>\n<meta property=\"og:image\" content=\"https:\/\/sino-manufacturing.com\/wp-content\/uploads\/2026\/02\/in_house_facilities.jpg\" \/>\n\t<meta property=\"og:image:width\" content=\"1000\" \/>\n\t<meta property=\"og:image:height\" content=\"780\" \/>\n\t<meta property=\"og:image:type\" content=\"image\/jpeg\" \/>\n<meta name=\"twitter:card\" content=\"summary_large_image\" \/>\n<meta name=\"twitter:label1\" content=\"Tiempo de lectura\" \/>\n\t<meta name=\"twitter:data1\" content=\"2 minutos\" \/>\n<script type=\"application\/ld+json\" class=\"yoast-schema-graph\">{\"@context\":\"https:\\\/\\\/schema.org\",\"@graph\":[{\"@type\":\"WebPage\",\"@id\":\"https:\\\/\\\/sino-manufacturing.com\\\/es\\\/sectores-de-mercado\\\/electrodomesticos\\\/\",\"url\":\"https:\\\/\\\/sino-manufacturing.com\\\/es\\\/sectores-de-mercado\\\/electrodomesticos\\\/\",\"name\":\"Electrodom\u00e9sticos - Sino Manufacturing\",\"isPartOf\":{\"@id\":\"https:\\\/\\\/sino-manufacturing.com\\\/es\\\/#website\"},\"primaryImageOfPage\":{\"@id\":\"https:\\\/\\\/sino-manufacturing.com\\\/es\\\/sectores-de-mercado\\\/electrodomesticos\\\/#primaryimage\"},\"image\":{\"@id\":\"https:\\\/\\\/sino-manufacturing.com\\\/es\\\/sectores-de-mercado\\\/electrodomesticos\\\/#primaryimage\"},\"thumbnailUrl\":\"https:\\\/\\\/sino-manufacturing.com\\\/wp-content\\\/uploads\\\/2026\\\/02\\\/in_house_facilities.jpg\",\"datePublished\":\"2026-02-22T15:39:37+00:00\",\"dateModified\":\"2026-03-05T14:53:29+00:00\",\"breadcrumb\":{\"@id\":\"https:\\\/\\\/sino-manufacturing.com\\\/es\\\/sectores-de-mercado\\\/electrodomesticos\\\/#breadcrumb\"},\"inLanguage\":\"es\",\"potentialAction\":[{\"@type\":\"ReadAction\",\"target\":[\"https:\\\/\\\/sino-manufacturing.com\\\/es\\\/sectores-de-mercado\\\/electrodomesticos\\\/\"]}]},{\"@type\":\"ImageObject\",\"inLanguage\":\"es\",\"@id\":\"https:\\\/\\\/sino-manufacturing.com\\\/es\\\/sectores-de-mercado\\\/electrodomesticos\\\/#primaryimage\",\"url\":\"https:\\\/\\\/sino-manufacturing.com\\\/wp-content\\\/uploads\\\/2026\\\/02\\\/in_house_facilities.jpg\",\"contentUrl\":\"https:\\\/\\\/sino-manufacturing.com\\\/wp-content\\\/uploads\\\/2026\\\/02\\\/in_house_facilities.jpg\"},{\"@type\":\"BreadcrumbList\",\"@id\":\"https:\\\/\\\/sino-manufacturing.com\\\/es\\\/sectores-de-mercado\\\/electrodomesticos\\\/#breadcrumb\",\"itemListElement\":[{\"@type\":\"ListItem\",\"position\":1,\"name\":\"Home\",\"item\":\"https:\\\/\\\/sino-manufacturing.com\\\/es\\\/home\\\/\"},{\"@type\":\"ListItem\",\"position\":2,\"name\":\"Sectores de mercado\",\"item\":\"https:\\\/\\\/sino-manufacturing.com\\\/es\\\/market-sectors\\\/\"},{\"@type\":\"ListItem\",\"position\":3,\"name\":\"Electrodom\u00e9sticos\"}]},{\"@type\":\"WebSite\",\"@id\":\"https:\\\/\\\/sino-manufacturing.com\\\/es\\\/#website\",\"url\":\"https:\\\/\\\/sino-manufacturing.com\\\/es\\\/\",\"name\":\"Sino-Manufacturing Website\",\"description\":\"Making things better.\",\"publisher\":{\"@id\":\"https:\\\/\\\/sino-manufacturing.com\\\/es\\\/#organization\"},\"potentialAction\":[{\"@type\":\"SearchAction\",\"target\":{\"@type\":\"EntryPoint\",\"urlTemplate\":\"https:\\\/\\\/sino-manufacturing.com\\\/es\\\/?s={search_term_string}\"},\"query-input\":{\"@type\":\"PropertyValueSpecification\",\"valueRequired\":true,\"valueName\":\"search_term_string\"}}],\"inLanguage\":\"es\"},{\"@type\":\"Organization\",\"@id\":\"https:\\\/\\\/sino-manufacturing.com\\\/es\\\/#organization\",\"name\":\"Sino-Manufacturing\",\"url\":\"https:\\\/\\\/sino-manufacturing.com\\\/es\\\/\",\"logo\":{\"@type\":\"ImageObject\",\"inLanguage\":\"es\",\"@id\":\"https:\\\/\\\/sino-manufacturing.com\\\/es\\\/#\\\/schema\\\/logo\\\/image\\\/\",\"url\":\"https:\\\/\\\/sino-manufacturing.com\\\/wp-content\\\/uploads\\\/2026\\\/01\\\/Sino-Deep-blue_3.406577.png\",\"contentUrl\":\"https:\\\/\\\/sino-manufacturing.com\\\/wp-content\\\/uploads\\\/2026\\\/01\\\/Sino-Deep-blue_3.406577.png\",\"width\":1600,\"height\":900,\"caption\":\"Sino-Manufacturing\"},\"image\":{\"@id\":\"https:\\\/\\\/sino-manufacturing.com\\\/es\\\/#\\\/schema\\\/logo\\\/image\\\/\"},\"sameAs\":[\"https:\\\/\\\/www.linkedin.com\\\/company\\\/sino-manufacturing-solutions\\\/\"]}]}<\/script>\n<!-- \/ Yoast SEO plugin. -->","yoast_head_json":{"title":"Electrodom\u00e9sticos - Sino Manufacturing","robots":{"index":"index","follow":"follow","max-snippet":"max-snippet:-1","max-image-preview":"max-image-preview:large","max-video-preview":"max-video-preview:-1"},"canonical":"https:\/\/sino-manufacturing.com\/es\/sectores-de-mercado\/electrodomesticos\/","og_locale":"es_ES","og_type":"article","og_title":"Electrodom\u00e9sticos - Sino Manufacturing","og_description":"Sectores de mercado Dise\u00f1o, estampaci\u00f3n met\u00e1lica e inyecci\u00f3n de pl\u00e1stico para iluminaci\u00f3n comercial Desde 2003, nuestro equipo de expertos ha ayudado a numerosos clientes de renombre mundial con una amplia variedad de proyectos de fabricaci\u00f3n y dise\u00f1o en el sector de la iluminaci\u00f3n comercial. Equipos expertos especializados y fabricaci\u00f3n Nuestro equipo de dise\u00f1o de productos [&hellip;]","og_url":"https:\/\/sino-manufacturing.com\/es\/sectores-de-mercado\/electrodomesticos\/","og_site_name":"Sino Manufacturing","article_modified_time":"2026-03-05T14:53:29+00:00","og_image":[{"width":1000,"height":780,"url":"https:\/\/sino-manufacturing.com\/wp-content\/uploads\/2026\/02\/in_house_facilities.jpg","type":"image\/jpeg"}],"twitter_card":"summary_large_image","twitter_misc":{"Tiempo de lectura":"2 minutos"},"schema":{"@context":"https:\/\/schema.org","@graph":[{"@type":"WebPage","@id":"https:\/\/sino-manufacturing.com\/es\/sectores-de-mercado\/electrodomesticos\/","url":"https:\/\/sino-manufacturing.com\/es\/sectores-de-mercado\/electrodomesticos\/","name":"Electrodom\u00e9sticos - Sino Manufacturing","isPartOf":{"@id":"https:\/\/sino-manufacturing.com\/es\/#website"},"primaryImageOfPage":{"@id":"https:\/\/sino-manufacturing.com\/es\/sectores-de-mercado\/electrodomesticos\/#primaryimage"},"image":{"@id":"https:\/\/sino-manufacturing.com\/es\/sectores-de-mercado\/electrodomesticos\/#primaryimage"},"thumbnailUrl":"https:\/\/sino-manufacturing.com\/wp-content\/uploads\/2026\/02\/in_house_facilities.jpg","datePublished":"2026-02-22T15:39:37+00:00","dateModified":"2026-03-05T14:53:29+00:00","breadcrumb":{"@id":"https:\/\/sino-manufacturing.com\/es\/sectores-de-mercado\/electrodomesticos\/#breadcrumb"},"inLanguage":"es","potentialAction":[{"@type":"ReadAction","target":["https:\/\/sino-manufacturing.com\/es\/sectores-de-mercado\/electrodomesticos\/"]}]},{"@type":"ImageObject","inLanguage":"es","@id":"https:\/\/sino-manufacturing.com\/es\/sectores-de-mercado\/electrodomesticos\/#primaryimage","url":"https:\/\/sino-manufacturing.com\/wp-content\/uploads\/2026\/02\/in_house_facilities.jpg","contentUrl":"https:\/\/sino-manufacturing.com\/wp-content\/uploads\/2026\/02\/in_house_facilities.jpg"},{"@type":"BreadcrumbList","@id":"https:\/\/sino-manufacturing.com\/es\/sectores-de-mercado\/electrodomesticos\/#breadcrumb","itemListElement":[{"@type":"ListItem","position":1,"name":"Home","item":"https:\/\/sino-manufacturing.com\/es\/home\/"},{"@type":"ListItem","position":2,"name":"Sectores de mercado","item":"https:\/\/sino-manufacturing.com\/es\/market-sectors\/"},{"@type":"ListItem","position":3,"name":"Electrodom\u00e9sticos"}]},{"@type":"WebSite","@id":"https:\/\/sino-manufacturing.com\/es\/#website","url":"https:\/\/sino-manufacturing.com\/es\/","name":"Sino-Manufacturing Website","description":"Making things better.","publisher":{"@id":"https:\/\/sino-manufacturing.com\/es\/#organization"},"potentialAction":[{"@type":"SearchAction","target":{"@type":"EntryPoint","urlTemplate":"https:\/\/sino-manufacturing.com\/es\/?s={search_term_string}"},"query-input":{"@type":"PropertyValueSpecification","valueRequired":true,"valueName":"search_term_string"}}],"inLanguage":"es"},{"@type":"Organization","@id":"https:\/\/sino-manufacturing.com\/es\/#organization","name":"Sino-Manufacturing","url":"https:\/\/sino-manufacturing.com\/es\/","logo":{"@type":"ImageObject","inLanguage":"es","@id":"https:\/\/sino-manufacturing.com\/es\/#\/schema\/logo\/image\/","url":"https:\/\/sino-manufacturing.com\/wp-content\/uploads\/2026\/01\/Sino-Deep-blue_3.406577.png","contentUrl":"https:\/\/sino-manufacturing.com\/wp-content\/uploads\/2026\/01\/Sino-Deep-blue_3.406577.png","width":1600,"height":900,"caption":"Sino-Manufacturing"},"image":{"@id":"https:\/\/sino-manufacturing.com\/es\/#\/schema\/logo\/image\/"},"sameAs":["https:\/\/www.linkedin.com\/company\/sino-manufacturing-solutions\/"]}]}},"_links":{"self":[{"href":"https:\/\/sino-manufacturing.com\/es\/wp-json\/wp\/v2\/pages\/473","targetHints":{"allow":["GET"]}}],"collection":[{"href":"https:\/\/sino-manufacturing.com\/es\/wp-json\/wp\/v2\/pages"}],"about":[{"href":"https:\/\/sino-manufacturing.com\/es\/wp-json\/wp\/v2\/types\/page"}],"author":[{"embeddable":true,"href":"https:\/\/sino-manufacturing.com\/es\/wp-json\/wp\/v2\/users\/2"}],"replies":[{"embeddable":true,"href":"https:\/\/sino-manufacturing.com\/es\/wp-json\/wp\/v2\/comments?post=473"}],"version-history":[{"count":0,"href":"https:\/\/sino-manufacturing.com\/es\/wp-json\/wp\/v2\/pages\/473\/revisions"}],"up":[{"embeddable":true,"href":"https:\/\/sino-manufacturing.com\/es\/wp-json\/wp\/v2\/pages\/516"}],"wp:attachment":[{"href":"https:\/\/sino-manufacturing.com\/es\/wp-json\/wp\/v2\/media?parent=473"}],"curies":[{"name":"wp","href":"https:\/\/api.w.org\/{rel}","templated":true}]}}