{"id":465,"date":"2026-02-22T16:07:19","date_gmt":"2026-02-22T16:07:19","guid":{"rendered":"https:\/\/sinomanufactur.wpenginepowered.com\/aeroespacial\/"},"modified":"2026-03-05T14:53:29","modified_gmt":"2026-03-05T14:53:29","slug":"aeroespacial","status":"publish","type":"page","link":"https:\/\/sino-manufacturing.com\/es\/sectores-de-mercado\/aeroespacial\/","title":{"rendered":"Aeroespacial"},"content":{"rendered":"\t\t<div data-elementor-type=\"wp-page\" data-elementor-id=\"465\" class=\"elementor elementor-465 elementor-379\" data-elementor-post-type=\"page\">\n\t\t\t\t<div data-particle_enable=\"false\" data-particle-mobile-disabled=\"false\" class=\"elementor-element elementor-element-30dad0a5 e-con-full e-flex e-con e-parent\" data-id=\"30dad0a5\" data-element_type=\"container\" data-e-type=\"container\" data-settings=\"{&quot;background_background&quot;:&quot;classic&quot;}\">\n\t\t<div data-particle_enable=\"false\" data-particle-mobile-disabled=\"false\" class=\"elementor-element elementor-element-743e3c06 e-con-full e-flex e-con e-child\" data-id=\"743e3c06\" data-element_type=\"container\" data-e-type=\"container\" data-settings=\"{&quot;background_background&quot;:&quot;classic&quot;}\">\n\t\t\t\t<\/div>\n\t\t<div data-particle_enable=\"false\" data-particle-mobile-disabled=\"false\" class=\"elementor-element elementor-element-394a6480 e-con-full e-flex e-con e-child\" data-id=\"394a6480\" data-element_type=\"container\" data-e-type=\"container\" data-settings=\"{&quot;background_background&quot;:&quot;classic&quot;}\">\n\t\t<div data-particle_enable=\"false\" data-particle-mobile-disabled=\"false\" class=\"elementor-element elementor-element-8d8dd55 e-con-full e-flex e-con e-child\" data-id=\"8d8dd55\" data-element_type=\"container\" data-e-type=\"container\">\n\t\t\t\t<div class=\"elementor-element elementor-element-47981046 elementor-widget elementor-widget-heading\" data-id=\"47981046\" data-element_type=\"widget\" data-e-type=\"widget\" data-widget_type=\"heading.default\">\n\t\t\t\t\t<h6 class=\"elementor-heading-title elementor-size-default\">Sectores de mercado\n\n<\/h6>\t\t\t\t<\/div>\n\t\t\t\t<div class=\"elementor-element elementor-element-f3f58a0 elementor-widget elementor-widget-heading\" data-id=\"f3f58a0\" data-element_type=\"widget\" data-e-type=\"widget\" data-widget_type=\"heading.default\">\n\t\t\t\t\t<h1 class=\"elementor-heading-title elementor-size-default\">Mejores soluciones para la industria aeroespacial<\/h1>\t\t\t\t<\/div>\n\t\t\t\t<div class=\"elementor-element elementor-element-7c8f8907 elementor-widget elementor-widget-text-editor\" data-id=\"7c8f8907\" data-element_type=\"widget\" data-e-type=\"widget\" data-widget_type=\"text-editor.default\">\n\t\t\t\t\t\t\t\t\t<div class=\"fullcol leading-panel leading-splitbg bg-turquoiselt img-left gorel noflow clearfix lazyloaded\" data-bg=\"https:\/\/sp-ao.shortpixel.ai\/client\/to_webp,q_lossless,ret_img\/https:\/\/www.sinomanufactur.wpenginepowered.com\/wp-content\/uploads\/2021\/06\/leading_aerospace.jpg\"><div class=\"midcol nomobpad clearfix\"><div class=\"halfcol bottom-cut extended bg-turquoiselt right gorel\"><div class=\"inner translow\"><div class=\"copy-wrapper copycol\"><p>Desde 2003, hemos ayudado a numerosos clientes l\u00edderes del mercado con una amplia variedad de proyectos de fabricaci\u00f3n en el sector aeroespacial.<\/p><\/div><\/div><\/div><\/div><\/div>\t\t\t\t\t\t\t\t<\/div>\n\t\t\t\t<\/div>\n\t\t\t\t<\/div>\n\t\t\t\t<\/div>\n\t\t<div data-particle_enable=\"false\" data-particle-mobile-disabled=\"false\" class=\"elementor-element elementor-element-5f17f41c e-flex e-con-boxed e-con e-parent\" data-id=\"5f17f41c\" data-element_type=\"container\" data-e-type=\"container\">\n\t\t\t\t\t<div class=\"e-con-inner\">\n\t\t\t\t<div class=\"elementor-element elementor-element-37490a17 elementor-widget elementor-widget-spacer\" data-id=\"37490a17\" data-element_type=\"widget\" data-e-type=\"widget\" data-widget_type=\"spacer.default\">\n\t\t\t\t\t\t\t<div class=\"elementor-spacer\">\n\t\t\t<div class=\"elementor-spacer-inner\"><\/div>\n\t\t<\/div>\n\t\t\t\t\t\t<\/div>\n\t\t<div data-particle_enable=\"false\" data-particle-mobile-disabled=\"false\" class=\"elementor-element elementor-element-1eabc005 e-con-full e-flex e-con e-child\" data-id=\"1eabc005\" data-element_type=\"container\" data-e-type=\"container\">\n\t\t<div data-particle_enable=\"false\" data-particle-mobile-disabled=\"false\" class=\"elementor-element elementor-element-ac85c4b e-con-full e-flex e-con e-child\" data-id=\"ac85c4b\" data-element_type=\"container\" data-e-type=\"container\">\n\t\t\t\t<div class=\"elementor-element elementor-element-4f9075cb elementor-widget elementor-widget-image\" data-id=\"4f9075cb\" data-element_type=\"widget\" data-e-type=\"widget\" data-widget_type=\"image.default\">\n\t\t\t\t\t\t\t\t\t\t\t\t\t\t\t<img fetchpriority=\"high\" decoding=\"async\" width=\"800\" height=\"626\" src=\"https:\/\/sino-manufacturing.com\/wp-content\/uploads\/2026\/02\/end_to_end_service_aerospace.jpg\" class=\"attachment-large size-large wp-image-467\" alt=\"\" srcset=\"https:\/\/sino-manufacturing.com\/wp-content\/uploads\/2026\/02\/end_to_end_service_aerospace.jpg 1000w, https:\/\/sino-manufacturing.com\/wp-content\/uploads\/2026\/02\/end_to_end_service_aerospace-300x235.jpg 300w, https:\/\/sino-manufacturing.com\/wp-content\/uploads\/2026\/02\/end_to_end_service_aerospace-768x601.jpg 768w\" sizes=\"(max-width: 800px) 100vw, 800px\" \/>\t\t\t\t\t\t\t\t\t\t\t\t\t\t\t<\/div>\n\t\t\t\t<\/div>\n\t\t<div data-particle_enable=\"false\" data-particle-mobile-disabled=\"false\" class=\"elementor-element elementor-element-28cbb8e8 e-con-full e-flex e-con e-child\" data-id=\"28cbb8e8\" data-element_type=\"container\" data-e-type=\"container\">\n\t\t\t\t<div class=\"elementor-element elementor-element-334d152 elementor-widget__width-initial elementor-widget elementor-widget-heading\" data-id=\"334d152\" data-element_type=\"widget\" data-e-type=\"widget\" data-widget_type=\"heading.default\">\n\t\t\t\t\t<h1 class=\"elementor-heading-title elementor-size-default\">Servicio integral<\/h1>\t\t\t\t<\/div>\n\t\t\t\t<div class=\"elementor-element elementor-element-95d9b5d elementor-widget elementor-widget-text-editor\" data-id=\"95d9b5d\" data-element_type=\"widget\" data-e-type=\"widget\" data-widget_type=\"text-editor.default\">\n\t\t\t\t\t\t\t\t\t<div class=\"content-block copy-block bg-white translow\"><p>Nos enorgullece poder apoyar al sector aeroespacial y de defensa con productos a medida dise\u00f1ados y fabricados seg\u00fan sus especificaciones \u00fanicas. Ya sea aportando soluciones ligeras o componentes rentables, podemos dise\u00f1ar piezas de precisi\u00f3n con un rendimiento superior para la industria aeroespacial. Nuestras capacidades internas incluyen moldeo por inyecci\u00f3n, estampaci\u00f3n met\u00e1lica y piezas torneadas CNC de precisi\u00f3n.  <\/p><\/div>\t\t\t\t\t\t\t\t<\/div>\n\t\t\t\t<\/div>\n\t\t\t\t<\/div>\n\t\t\t\t<div class=\"elementor-element elementor-element-45a2e04 elementor-widget elementor-widget-spacer\" data-id=\"45a2e04\" data-element_type=\"widget\" data-e-type=\"widget\" data-widget_type=\"spacer.default\">\n\t\t\t\t\t\t\t<div class=\"elementor-spacer\">\n\t\t\t<div class=\"elementor-spacer-inner\"><\/div>\n\t\t<\/div>\n\t\t\t\t\t\t<\/div>\n\t\t\t\t\t<\/div>\n\t\t\t\t<\/div>\n\t\t<div data-particle_enable=\"false\" data-particle-mobile-disabled=\"false\" class=\"elementor-element elementor-element-739789e e-flex e-con-boxed e-con e-parent\" data-id=\"739789e\" data-element_type=\"container\" data-e-type=\"container\">\n\t\t\t\t\t<div class=\"e-con-inner\">\n\t\t\t\t<div class=\"elementor-element elementor-element-136b406 elementor-widget elementor-widget-spacer\" data-id=\"136b406\" data-element_type=\"widget\" data-e-type=\"widget\" data-widget_type=\"spacer.default\">\n\t\t\t\t\t\t\t<div class=\"elementor-spacer\">\n\t\t\t<div class=\"elementor-spacer-inner\"><\/div>\n\t\t<\/div>\n\t\t\t\t\t\t<\/div>\n\t\t<div data-particle_enable=\"false\" data-particle-mobile-disabled=\"false\" class=\"elementor-element elementor-element-5fb8367 e-con-full e-flex e-con e-child\" data-id=\"5fb8367\" data-element_type=\"container\" data-e-type=\"container\">\n\t\t<div data-particle_enable=\"false\" data-particle-mobile-disabled=\"false\" class=\"elementor-element elementor-element-d59432e e-con-full e-flex e-con e-child\" data-id=\"d59432e\" data-element_type=\"container\" data-e-type=\"container\">\n\t\t\t\t<div class=\"elementor-element elementor-element-7b3dcc1 elementor-widget elementor-widget-image\" data-id=\"7b3dcc1\" data-element_type=\"widget\" data-e-type=\"widget\" data-widget_type=\"image.default\">\n\t\t\t\t\t\t\t\t\t\t\t\t\t\t\t<img decoding=\"async\" width=\"800\" height=\"626\" src=\"https:\/\/sino-manufacturing.com\/wp-content\/uploads\/2026\/02\/ip_protection-1.jpg\" class=\"attachment-large size-large wp-image-468\" alt=\"\" srcset=\"https:\/\/sino-manufacturing.com\/wp-content\/uploads\/2026\/02\/ip_protection-1.jpg 1000w, https:\/\/sino-manufacturing.com\/wp-content\/uploads\/2026\/02\/ip_protection-1-300x235.jpg 300w, https:\/\/sino-manufacturing.com\/wp-content\/uploads\/2026\/02\/ip_protection-1-768x601.jpg 768w\" sizes=\"(max-width: 800px) 100vw, 800px\" \/>\t\t\t\t\t\t\t\t\t\t\t\t\t\t\t<\/div>\n\t\t\t\t<\/div>\n\t\t<div data-particle_enable=\"false\" data-particle-mobile-disabled=\"false\" class=\"elementor-element elementor-element-526522b e-con-full e-flex e-con e-child\" data-id=\"526522b\" data-element_type=\"container\" data-e-type=\"container\">\n\t\t\t\t<div class=\"elementor-element elementor-element-caea6a1 elementor-widget__width-initial elementor-widget elementor-widget-heading\" data-id=\"caea6a1\" data-element_type=\"widget\" data-e-type=\"widget\" data-widget_type=\"heading.default\">\n\t\t\t\t\t<h1 class=\"elementor-heading-title elementor-size-default\">Los m\u00e1s altos est\u00e1ndares de seguridad de PI\n\n<\/h1>\t\t\t\t<\/div>\n\t\t\t\t<div class=\"elementor-element elementor-element-d0185ca elementor-widget elementor-widget-text-editor\" data-id=\"d0185ca\" data-element_type=\"widget\" data-e-type=\"widget\" data-widget_type=\"text-editor.default\">\n\t\t\t\t\t\t\t\t\t<div class=\"content-block copy-block bg-white translow\"><p>Sabemos que proteger su propiedad intelectual es importante para usted. Por eso trabajamos con los m\u00e1s altos est\u00e1ndares de seguridad de PI. Sus datos de dise\u00f1o y especificaciones del producto solo ser\u00e1n accesibles en nuestro servidor seguro y, al final del proyecto, eliminaremos sus datos de nuestro servidor. Perm\u00edtanos llevar sus ideas del sector aeroespacial y de defensa al mercado con nuestro servicio integral de dise\u00f1o, desarrollo y producci\u00f3n de productos. Nuestro sistema de gesti\u00f3n de la calidad est\u00e1 certificado seg\u00fan la norma ISO 9001:2015, lo que le ofrece total tranquilidad.    <\/p><\/div>\t\t\t\t\t\t\t\t<\/div>\n\t\t\t\t<\/div>\n\t\t\t\t<\/div>\n\t\t\t\t<div class=\"elementor-element elementor-element-a885043 elementor-widget elementor-widget-spacer\" data-id=\"a885043\" data-element_type=\"widget\" data-e-type=\"widget\" data-widget_type=\"spacer.default\">\n\t\t\t\t\t\t\t<div class=\"elementor-spacer\">\n\t\t\t<div class=\"elementor-spacer-inner\"><\/div>\n\t\t<\/div>\n\t\t\t\t\t\t<\/div>\n\t\t\t\t\t<\/div>\n\t\t\t\t<\/div>\n\t\t<div data-particle_enable=\"false\" data-particle-mobile-disabled=\"false\" class=\"elementor-element elementor-element-6af02a6 e-flex e-con-boxed e-con e-parent\" data-id=\"6af02a6\" data-element_type=\"container\" data-e-type=\"container\" data-settings=\"{&quot;background_background&quot;:&quot;classic&quot;}\">\n\t\t\t\t\t<div class=\"e-con-inner\">\n\t\t\t\t<div class=\"elementor-element elementor-element-a95843b elementor-widget elementor-widget-spacer\" data-id=\"a95843b\" data-element_type=\"widget\" data-e-type=\"widget\" data-widget_type=\"spacer.default\">\n\t\t\t\t\t\t\t<div class=\"elementor-spacer\">\n\t\t\t<div class=\"elementor-spacer-inner\"><\/div>\n\t\t<\/div>\n\t\t\t\t\t\t<\/div>\n\t\t\t\t<div class=\"elementor-element elementor-element-45e56b5 elementor-blockquote--skin-border elementor-widget elementor-widget-blockquote\" data-id=\"45e56b5\" data-element_type=\"widget\" data-e-type=\"widget\" data-widget_type=\"blockquote.default\">\n\t\t\t\t\t\t\t<blockquote class=\"elementor-blockquote\">\n\t\t\t<p class=\"elementor-blockquote__content\">\n\t\t\t\tLlevamos 5 a\u00f1os trabajando con Sino y los hemos encontrado excelentes proveedores. Desde la consulta inicial hasta las muestras y la entrega de los pedidos, la comunicaci\u00f3n ha sido excelente y se han cumplido todos los plazos. No hemos experimentado ning\u00fan problema de calidad y nos han impresionado mucho los cortos plazos de entrega para el utillaje y la fabricaci\u00f3n.  \n\n\n\t\t\t<\/p>\n\t\t\t\t\t\t\t<div class=\"e-q-footer\">\n\t\t\t\t\t\t\t\t\t\t\t<cite class=\"elementor-blockquote__author\">Simon Davies, Managing Director, ProtectaPet Ltd.<\/cite>\n\t\t\t\t\t\t\t\t\t\t\t\t\t\t<\/div>\n\t\t\t\t\t<\/blockquote>\n\t\t\t\t\t\t<\/div>\n\t\t\t\t<div class=\"elementor-element elementor-element-70b66ce elementor-widget elementor-widget-spacer\" data-id=\"70b66ce\" data-element_type=\"widget\" data-e-type=\"widget\" data-widget_type=\"spacer.default\">\n\t\t\t\t\t\t\t<div class=\"elementor-spacer\">\n\t\t\t<div class=\"elementor-spacer-inner\"><\/div>\n\t\t<\/div>\n\t\t\t\t\t\t<\/div>\n\t\t\t\t\t<\/div>\n\t\t\t\t<\/div>\n\t\t\t\t<\/div>\n\t\t","protected":false},"excerpt":{"rendered":"<p>Sectores de mercado Mejores soluciones para la industria aeroespacial Desde 2003, hemos ayudado a numerosos clientes l\u00edderes del mercado con una amplia variedad de proyectos de fabricaci\u00f3n en el sector aeroespacial. Servicio integral Nos enorgullece poder apoyar al sector aeroespacial y de defensa con productos a medida dise\u00f1ados y fabricados seg\u00fan sus especificaciones \u00fanicas. Ya [&hellip;]<\/p>\n","protected":false},"author":2,"featured_media":0,"parent":516,"menu_order":0,"comment_status":"closed","ping_status":"closed","template":"","meta":{"footnotes":""},"class_list":["post-465","page","type-page","status-publish","hentry"],"yoast_head":"<!-- This site is optimized with the Yoast SEO Premium plugin v27.3 (Yoast SEO v27.3) - https:\/\/yoast.com\/product\/yoast-seo-premium-wordpress\/ -->\n<title>Aeroespacial - Sino Manufacturing<\/title>\n<meta name=\"robots\" content=\"index, follow, max-snippet:-1, max-image-preview:large, max-video-preview:-1\" \/>\n<link rel=\"canonical\" href=\"https:\/\/sino-manufacturing.com\/es\/sectores-de-mercado\/aeroespacial\/\" \/>\n<meta property=\"og:locale\" content=\"es_ES\" \/>\n<meta property=\"og:type\" content=\"article\" \/>\n<meta property=\"og:title\" content=\"Aeroespacial\" \/>\n<meta property=\"og:description\" content=\"Sectores de mercado Mejores soluciones para la industria aeroespacial Desde 2003, hemos ayudado a numerosos clientes l\u00edderes del mercado con una amplia variedad de proyectos de fabricaci\u00f3n en el sector aeroespacial. Servicio integral Nos enorgullece poder apoyar al sector aeroespacial y de defensa con productos a medida dise\u00f1ados y fabricados seg\u00fan sus especificaciones \u00fanicas. Ya [&hellip;]\" \/>\n<meta property=\"og:url\" content=\"https:\/\/sino-manufacturing.com\/es\/sectores-de-mercado\/aeroespacial\/\" \/>\n<meta property=\"og:site_name\" content=\"Sino Manufacturing\" \/>\n<meta property=\"article:modified_time\" content=\"2026-03-05T14:53:29+00:00\" \/>\n<meta property=\"og:image\" content=\"https:\/\/sino-manufacturing.com\/wp-content\/uploads\/2026\/02\/end_to_end_service_aerospace.jpg\" \/>\n\t<meta property=\"og:image:width\" content=\"1000\" \/>\n\t<meta property=\"og:image:height\" content=\"783\" \/>\n\t<meta property=\"og:image:type\" content=\"image\/jpeg\" \/>\n<meta name=\"twitter:card\" content=\"summary_large_image\" \/>\n<meta name=\"twitter:label1\" content=\"Tiempo de lectura\" \/>\n\t<meta name=\"twitter:data1\" content=\"1 minuto\" \/>\n<script type=\"application\/ld+json\" class=\"yoast-schema-graph\">{\"@context\":\"https:\\\/\\\/schema.org\",\"@graph\":[{\"@type\":\"WebPage\",\"@id\":\"https:\\\/\\\/sino-manufacturing.com\\\/es\\\/sectores-de-mercado\\\/aeroespacial\\\/\",\"url\":\"https:\\\/\\\/sino-manufacturing.com\\\/es\\\/sectores-de-mercado\\\/aeroespacial\\\/\",\"name\":\"Aeroespacial - Sino Manufacturing\",\"isPartOf\":{\"@id\":\"https:\\\/\\\/sino-manufacturing.com\\\/es\\\/#website\"},\"primaryImageOfPage\":{\"@id\":\"https:\\\/\\\/sino-manufacturing.com\\\/es\\\/sectores-de-mercado\\\/aeroespacial\\\/#primaryimage\"},\"image\":{\"@id\":\"https:\\\/\\\/sino-manufacturing.com\\\/es\\\/sectores-de-mercado\\\/aeroespacial\\\/#primaryimage\"},\"thumbnailUrl\":\"https:\\\/\\\/sino-manufacturing.com\\\/wp-content\\\/uploads\\\/2026\\\/02\\\/end_to_end_service_aerospace.jpg\",\"datePublished\":\"2026-02-22T16:07:19+00:00\",\"dateModified\":\"2026-03-05T14:53:29+00:00\",\"breadcrumb\":{\"@id\":\"https:\\\/\\\/sino-manufacturing.com\\\/es\\\/sectores-de-mercado\\\/aeroespacial\\\/#breadcrumb\"},\"inLanguage\":\"es\",\"potentialAction\":[{\"@type\":\"ReadAction\",\"target\":[\"https:\\\/\\\/sino-manufacturing.com\\\/es\\\/sectores-de-mercado\\\/aeroespacial\\\/\"]}]},{\"@type\":\"ImageObject\",\"inLanguage\":\"es\",\"@id\":\"https:\\\/\\\/sino-manufacturing.com\\\/es\\\/sectores-de-mercado\\\/aeroespacial\\\/#primaryimage\",\"url\":\"https:\\\/\\\/sino-manufacturing.com\\\/wp-content\\\/uploads\\\/2026\\\/02\\\/end_to_end_service_aerospace.jpg\",\"contentUrl\":\"https:\\\/\\\/sino-manufacturing.com\\\/wp-content\\\/uploads\\\/2026\\\/02\\\/end_to_end_service_aerospace.jpg\"},{\"@type\":\"BreadcrumbList\",\"@id\":\"https:\\\/\\\/sino-manufacturing.com\\\/es\\\/sectores-de-mercado\\\/aeroespacial\\\/#breadcrumb\",\"itemListElement\":[{\"@type\":\"ListItem\",\"position\":1,\"name\":\"Home\",\"item\":\"https:\\\/\\\/sino-manufacturing.com\\\/es\\\/home\\\/\"},{\"@type\":\"ListItem\",\"position\":2,\"name\":\"Sectores de mercado\",\"item\":\"https:\\\/\\\/sino-manufacturing.com\\\/es\\\/market-sectors\\\/\"},{\"@type\":\"ListItem\",\"position\":3,\"name\":\"Aeroespacial\"}]},{\"@type\":\"WebSite\",\"@id\":\"https:\\\/\\\/sino-manufacturing.com\\\/es\\\/#website\",\"url\":\"https:\\\/\\\/sino-manufacturing.com\\\/es\\\/\",\"name\":\"Sino-Manufacturing Website\",\"description\":\"Making things better.\",\"publisher\":{\"@id\":\"https:\\\/\\\/sino-manufacturing.com\\\/es\\\/#organization\"},\"potentialAction\":[{\"@type\":\"SearchAction\",\"target\":{\"@type\":\"EntryPoint\",\"urlTemplate\":\"https:\\\/\\\/sino-manufacturing.com\\\/es\\\/?s={search_term_string}\"},\"query-input\":{\"@type\":\"PropertyValueSpecification\",\"valueRequired\":true,\"valueName\":\"search_term_string\"}}],\"inLanguage\":\"es\"},{\"@type\":\"Organization\",\"@id\":\"https:\\\/\\\/sino-manufacturing.com\\\/es\\\/#organization\",\"name\":\"Sino-Manufacturing\",\"url\":\"https:\\\/\\\/sino-manufacturing.com\\\/es\\\/\",\"logo\":{\"@type\":\"ImageObject\",\"inLanguage\":\"es\",\"@id\":\"https:\\\/\\\/sino-manufacturing.com\\\/es\\\/#\\\/schema\\\/logo\\\/image\\\/\",\"url\":\"https:\\\/\\\/sino-manufacturing.com\\\/wp-content\\\/uploads\\\/2026\\\/01\\\/Sino-Deep-blue_3.406577.png\",\"contentUrl\":\"https:\\\/\\\/sino-manufacturing.com\\\/wp-content\\\/uploads\\\/2026\\\/01\\\/Sino-Deep-blue_3.406577.png\",\"width\":1600,\"height\":900,\"caption\":\"Sino-Manufacturing\"},\"image\":{\"@id\":\"https:\\\/\\\/sino-manufacturing.com\\\/es\\\/#\\\/schema\\\/logo\\\/image\\\/\"},\"sameAs\":[\"https:\\\/\\\/www.linkedin.com\\\/company\\\/sino-manufacturing-solutions\\\/\"]}]}<\/script>\n<!-- \/ Yoast SEO Premium plugin. -->","yoast_head_json":{"title":"Aeroespacial - Sino Manufacturing","robots":{"index":"index","follow":"follow","max-snippet":"max-snippet:-1","max-image-preview":"max-image-preview:large","max-video-preview":"max-video-preview:-1"},"canonical":"https:\/\/sino-manufacturing.com\/es\/sectores-de-mercado\/aeroespacial\/","og_locale":"es_ES","og_type":"article","og_title":"Aeroespacial","og_description":"Sectores de mercado Mejores soluciones para la industria aeroespacial Desde 2003, hemos ayudado a numerosos clientes l\u00edderes del mercado con una amplia variedad de proyectos de fabricaci\u00f3n en el sector aeroespacial. Servicio integral Nos enorgullece poder apoyar al sector aeroespacial y de defensa con productos a medida dise\u00f1ados y fabricados seg\u00fan sus especificaciones \u00fanicas. Ya [&hellip;]","og_url":"https:\/\/sino-manufacturing.com\/es\/sectores-de-mercado\/aeroespacial\/","og_site_name":"Sino Manufacturing","article_modified_time":"2026-03-05T14:53:29+00:00","og_image":[{"width":1000,"height":783,"url":"https:\/\/sino-manufacturing.com\/wp-content\/uploads\/2026\/02\/end_to_end_service_aerospace.jpg","type":"image\/jpeg"}],"twitter_card":"summary_large_image","twitter_misc":{"Tiempo de lectura":"1 minuto"},"schema":{"@context":"https:\/\/schema.org","@graph":[{"@type":"WebPage","@id":"https:\/\/sino-manufacturing.com\/es\/sectores-de-mercado\/aeroespacial\/","url":"https:\/\/sino-manufacturing.com\/es\/sectores-de-mercado\/aeroespacial\/","name":"Aeroespacial - Sino Manufacturing","isPartOf":{"@id":"https:\/\/sino-manufacturing.com\/es\/#website"},"primaryImageOfPage":{"@id":"https:\/\/sino-manufacturing.com\/es\/sectores-de-mercado\/aeroespacial\/#primaryimage"},"image":{"@id":"https:\/\/sino-manufacturing.com\/es\/sectores-de-mercado\/aeroespacial\/#primaryimage"},"thumbnailUrl":"https:\/\/sino-manufacturing.com\/wp-content\/uploads\/2026\/02\/end_to_end_service_aerospace.jpg","datePublished":"2026-02-22T16:07:19+00:00","dateModified":"2026-03-05T14:53:29+00:00","breadcrumb":{"@id":"https:\/\/sino-manufacturing.com\/es\/sectores-de-mercado\/aeroespacial\/#breadcrumb"},"inLanguage":"es","potentialAction":[{"@type":"ReadAction","target":["https:\/\/sino-manufacturing.com\/es\/sectores-de-mercado\/aeroespacial\/"]}]},{"@type":"ImageObject","inLanguage":"es","@id":"https:\/\/sino-manufacturing.com\/es\/sectores-de-mercado\/aeroespacial\/#primaryimage","url":"https:\/\/sino-manufacturing.com\/wp-content\/uploads\/2026\/02\/end_to_end_service_aerospace.jpg","contentUrl":"https:\/\/sino-manufacturing.com\/wp-content\/uploads\/2026\/02\/end_to_end_service_aerospace.jpg"},{"@type":"BreadcrumbList","@id":"https:\/\/sino-manufacturing.com\/es\/sectores-de-mercado\/aeroespacial\/#breadcrumb","itemListElement":[{"@type":"ListItem","position":1,"name":"Home","item":"https:\/\/sino-manufacturing.com\/es\/home\/"},{"@type":"ListItem","position":2,"name":"Sectores de mercado","item":"https:\/\/sino-manufacturing.com\/es\/market-sectors\/"},{"@type":"ListItem","position":3,"name":"Aeroespacial"}]},{"@type":"WebSite","@id":"https:\/\/sino-manufacturing.com\/es\/#website","url":"https:\/\/sino-manufacturing.com\/es\/","name":"Sino-Manufacturing Website","description":"Making things better.","publisher":{"@id":"https:\/\/sino-manufacturing.com\/es\/#organization"},"potentialAction":[{"@type":"SearchAction","target":{"@type":"EntryPoint","urlTemplate":"https:\/\/sino-manufacturing.com\/es\/?s={search_term_string}"},"query-input":{"@type":"PropertyValueSpecification","valueRequired":true,"valueName":"search_term_string"}}],"inLanguage":"es"},{"@type":"Organization","@id":"https:\/\/sino-manufacturing.com\/es\/#organization","name":"Sino-Manufacturing","url":"https:\/\/sino-manufacturing.com\/es\/","logo":{"@type":"ImageObject","inLanguage":"es","@id":"https:\/\/sino-manufacturing.com\/es\/#\/schema\/logo\/image\/","url":"https:\/\/sino-manufacturing.com\/wp-content\/uploads\/2026\/01\/Sino-Deep-blue_3.406577.png","contentUrl":"https:\/\/sino-manufacturing.com\/wp-content\/uploads\/2026\/01\/Sino-Deep-blue_3.406577.png","width":1600,"height":900,"caption":"Sino-Manufacturing"},"image":{"@id":"https:\/\/sino-manufacturing.com\/es\/#\/schema\/logo\/image\/"},"sameAs":["https:\/\/www.linkedin.com\/company\/sino-manufacturing-solutions\/"]}]}},"_links":{"self":[{"href":"https:\/\/sino-manufacturing.com\/es\/wp-json\/wp\/v2\/pages\/465","targetHints":{"allow":["GET"]}}],"collection":[{"href":"https:\/\/sino-manufacturing.com\/es\/wp-json\/wp\/v2\/pages"}],"about":[{"href":"https:\/\/sino-manufacturing.com\/es\/wp-json\/wp\/v2\/types\/page"}],"author":[{"embeddable":true,"href":"https:\/\/sino-manufacturing.com\/es\/wp-json\/wp\/v2\/users\/2"}],"replies":[{"embeddable":true,"href":"https:\/\/sino-manufacturing.com\/es\/wp-json\/wp\/v2\/comments?post=465"}],"version-history":[{"count":0,"href":"https:\/\/sino-manufacturing.com\/es\/wp-json\/wp\/v2\/pages\/465\/revisions"}],"up":[{"embeddable":true,"href":"https:\/\/sino-manufacturing.com\/es\/wp-json\/wp\/v2\/pages\/516"}],"wp:attachment":[{"href":"https:\/\/sino-manufacturing.com\/es\/wp-json\/wp\/v2\/media?parent=465"}],"curies":[{"name":"wp","href":"https:\/\/api.w.org\/{rel}","templated":true}]}}