{"id":425,"date":"2026-02-08T21:45:26","date_gmt":"2026-02-08T21:45:26","guid":{"rendered":"https:\/\/sinomanufactur.wpenginepowered.com\/casos-de-exito\/"},"modified":"2026-02-28T17:18:47","modified_gmt":"2026-02-28T17:18:47","slug":"casos-de-exito","status":"publish","type":"page","link":"https:\/\/sino-manufacturing.com\/es\/casos-de-exito\/","title":{"rendered":"Casos de \u00e9xito"},"content":{"rendered":"\t\t<div data-elementor-type=\"wp-page\" data-elementor-id=\"425\" class=\"elementor elementor-425 elementor-242\" data-elementor-post-type=\"page\">\n\t\t\t\t<div data-particle_enable=\"false\" data-particle-mobile-disabled=\"false\" class=\"elementor-element elementor-element-8a226c1 e-con-full e-flex e-con e-parent\" data-id=\"8a226c1\" data-element_type=\"container\" data-e-type=\"container\" data-settings=\"{&quot;background_background&quot;:&quot;classic&quot;}\">\n\t\t<div data-particle_enable=\"false\" data-particle-mobile-disabled=\"false\" class=\"elementor-element elementor-element-59ff219 e-con-full e-flex e-con e-child\" data-id=\"59ff219\" data-element_type=\"container\" data-e-type=\"container\" data-settings=\"{&quot;background_background&quot;:&quot;classic&quot;}\">\n\t\t\t\t<\/div>\n\t\t<div data-particle_enable=\"false\" data-particle-mobile-disabled=\"false\" class=\"elementor-element elementor-element-f9baa3a e-con-full e-flex e-con e-child\" data-id=\"f9baa3a\" data-element_type=\"container\" data-e-type=\"container\">\n\t\t\t\t<div class=\"elementor-element elementor-element-b790dee elementor-widget elementor-widget-spacer\" data-id=\"b790dee\" data-element_type=\"widget\" data-e-type=\"widget\" data-widget_type=\"spacer.default\">\n\t\t\t\t\t\t\t<div class=\"elementor-spacer\">\n\t\t\t<div class=\"elementor-spacer-inner\"><\/div>\n\t\t<\/div>\n\t\t\t\t\t\t<\/div>\n\t\t\t\t<div class=\"elementor-element elementor-element-325ff16 elementor-widget elementor-widget-heading\" data-id=\"325ff16\" data-element_type=\"widget\" data-e-type=\"widget\" data-widget_type=\"heading.default\">\n\t\t\t\t\t<h5 class=\"elementor-heading-title elementor-size-default\">Casos de \u00e9xito<\/h5>\t\t\t\t<\/div>\n\t\t\t\t<div class=\"elementor-element elementor-element-18b887d elementor-widget__width-initial elementor-widget elementor-widget-heading\" data-id=\"18b887d\" data-element_type=\"widget\" data-e-type=\"widget\" data-widget_type=\"heading.default\">\n\t\t\t\t\t<h2 class=\"elementor-heading-title elementor-size-default\">Diferentes proyectos de fabricaci\u00f3n. La misma excelencia en la producci\u00f3n. \n<\/h2>\t\t\t\t<\/div>\n\t\t\t\t<div class=\"elementor-element elementor-element-8e1db39 elementor-widget__width-initial elementor-widget elementor-widget-text-editor\" data-id=\"8e1db39\" data-element_type=\"widget\" data-e-type=\"widget\" data-widget_type=\"text-editor.default\">\n\t\t\t\t\t\t\t\t\t<p>Durante dos d\u00e9cadas, hemos ofrecido la misma calidad, experiencia y fiabilidad sin concesiones en diversos proyectos de fabricaci\u00f3n para marcas l\u00edderes en todo el mundo.<\/p>\t\t\t\t\t\t\t\t<\/div>\n\t\t\t\t<div class=\"elementor-element elementor-element-51009b6 elementor-widget elementor-widget-spacer\" data-id=\"51009b6\" data-element_type=\"widget\" data-e-type=\"widget\" data-widget_type=\"spacer.default\">\n\t\t\t\t\t\t\t<div class=\"elementor-spacer\">\n\t\t\t<div class=\"elementor-spacer-inner\"><\/div>\n\t\t<\/div>\n\t\t\t\t\t\t<\/div>\n\t\t\t\t<\/div>\n\t\t\t\t<\/div>\n\t\t<div data-particle_enable=\"false\" data-particle-mobile-disabled=\"false\" class=\"elementor-element elementor-element-07f3464 e-flex e-con-boxed e-con e-parent\" data-id=\"07f3464\" data-element_type=\"container\" data-e-type=\"container\" data-settings=\"{&quot;background_background&quot;:&quot;classic&quot;}\">\n\t\t\t\t\t<div class=\"e-con-inner\">\n\t\t<div data-particle_enable=\"false\" data-particle-mobile-disabled=\"false\" class=\"elementor-element elementor-element-4d795b1 e-con-full e-flex e-con e-child\" data-id=\"4d795b1\" data-element_type=\"container\" data-e-type=\"container\">\n\t\t\t\t<div class=\"elementor-element elementor-element-92e228e elementor-widget elementor-widget-spacer\" data-id=\"92e228e\" data-element_type=\"widget\" data-e-type=\"widget\" data-widget_type=\"spacer.default\">\n\t\t\t\t\t\t\t<div class=\"elementor-spacer\">\n\t\t\t<div class=\"elementor-spacer-inner\"><\/div>\n\t\t<\/div>\n\t\t\t\t\t\t<\/div>\n\t\t\t\t<div class=\"elementor-element elementor-element-304e987 elementor-widget elementor-widget-heading\" data-id=\"304e987\" data-element_type=\"widget\" data-e-type=\"widget\" data-widget_type=\"heading.default\">\n\t\t\t\t\t<h2 class=\"elementor-heading-title elementor-size-default\">Una trayectoria contrastada de 20 a\u00f1os<\/h2>\t\t\t\t<\/div>\n\t\t\t\t<\/div>\n\t\t<div data-particle_enable=\"false\" data-particle-mobile-disabled=\"false\" class=\"elementor-element elementor-element-c53eaf3 e-con-full e-flex e-con e-child\" data-id=\"c53eaf3\" data-element_type=\"container\" data-e-type=\"container\">\n\t\t\t\t<div class=\"elementor-element elementor-element-dda2121 elementor-widget elementor-widget-spacer\" data-id=\"dda2121\" data-element_type=\"widget\" data-e-type=\"widget\" data-widget_type=\"spacer.default\">\n\t\t\t\t\t\t\t<div class=\"elementor-spacer\">\n\t\t\t<div class=\"elementor-spacer-inner\"><\/div>\n\t\t<\/div>\n\t\t\t\t\t\t<\/div>\n\t\t\t\t<div class=\"elementor-element elementor-element-790c7c3 elementor-widget elementor-widget-text-editor\" data-id=\"790c7c3\" data-element_type=\"widget\" data-e-type=\"widget\" data-widget_type=\"text-editor.default\">\n\t\t\t\t\t\t\t\t\t<h4>Llevamos suministrando componentes y conjuntos de ingenier\u00eda a fabricantes de equipos originales (OEM) en m\u00faltiples sectores desde 2003.<\/h4><p>A trav\u00e9s de estas colaboraciones, nos hemos convertido en expertos en el desarrollo de componentes de ingenier\u00eda y productos acabados para marcas clave en el Reino Unido, Europa y Norteam\u00e9rica.<\/p><p>Consulte nuestros casos de \u00e9xito para ver c\u00f3mo podemos desarrollar y fabricar productos rentables que le ayuden a destacar frente a la competencia.<\/p>\t\t\t\t\t\t\t\t<\/div>\n\t\t\t\t<div class=\"elementor-element elementor-element-d09e1f9 elementor-widget elementor-widget-spacer\" data-id=\"d09e1f9\" data-element_type=\"widget\" data-e-type=\"widget\" data-widget_type=\"spacer.default\">\n\t\t\t\t\t\t\t<div class=\"elementor-spacer\">\n\t\t\t<div class=\"elementor-spacer-inner\"><\/div>\n\t\t<\/div>\n\t\t\t\t\t\t<\/div>\n\t\t\t\t<\/div>\n\t\t\t\t\t<\/div>\n\t\t\t\t<\/div>\n\t\t<div data-particle_enable=\"false\" data-particle-mobile-disabled=\"false\" class=\"elementor-element elementor-element-4de9784 e-con-full e-flex e-con e-parent\" data-id=\"4de9784\" data-element_type=\"container\" data-e-type=\"container\">\n\t\t<div data-particle_enable=\"false\" data-particle-mobile-disabled=\"false\" class=\"elementor-element elementor-element-96c723c e-con-full e-flex e-con e-child\" data-id=\"96c723c\" data-element_type=\"container\" data-e-type=\"container\">\n\t\t\t\t<div class=\"elementor-element elementor-element-2dc24fd elementor-widget elementor-widget-heading\" data-id=\"2dc24fd\" data-element_type=\"widget\" data-e-type=\"widget\" data-widget_type=\"heading.default\">\n\t\t\t\t\t<h2 class=\"elementor-heading-title elementor-size-default\">Iluminaci\u00f3n comercial\n<\/h2>\t\t\t\t<\/div>\n\t\t\t\t<div class=\"elementor-element elementor-element-a37ec82 elementor-widget elementor-widget-heading\" data-id=\"a37ec82\" data-element_type=\"widget\" data-e-type=\"widget\" data-widget_type=\"heading.default\">\n\t\t\t\t\t<h5 class=\"elementor-heading-title elementor-size-default\">Generando resultados m\u00e1s brillantes<\/h5>\t\t\t\t<\/div>\n\t\t\t\t<div class=\"elementor-element elementor-element-6d63b5e elementor-widget elementor-widget-button\" data-id=\"6d63b5e\" data-element_type=\"widget\" data-e-type=\"widget\" data-widget_type=\"button.default\">\n\t\t\t\t\t\t\t\t\t\t<a class=\"elementor-button elementor-button-link elementor-size-sm\" href=\"#\">\n\t\t\t\t\t\t<span class=\"elementor-button-content-wrapper\">\n\t\t\t\t\t\t\t\t\t<span class=\"elementor-button-text\">Ver caso de \u00e9xito<\/span>\n\t\t\t\t\t<\/span>\n\t\t\t\t\t<\/a>\n\t\t\t\t\t\t\t\t<\/div>\n\t\t\t\t<\/div>\n\t\t<div data-particle_enable=\"false\" data-particle-mobile-disabled=\"false\" class=\"elementor-element elementor-element-aa6e244 e-con-full e-flex e-con e-child\" data-id=\"aa6e244\" data-element_type=\"container\" data-e-type=\"container\" data-settings=\"{&quot;background_background&quot;:&quot;classic&quot;}\">\n\t\t\t\t<\/div>\n\t\t\t\t<\/div>\n\t\t<div data-particle_enable=\"false\" data-particle-mobile-disabled=\"false\" class=\"elementor-element elementor-element-eabe1a6 e-con-full e-flex e-con e-parent\" data-id=\"eabe1a6\" data-element_type=\"container\" data-e-type=\"container\" data-settings=\"{&quot;background_background&quot;:&quot;classic&quot;}\">\n\t\t<div data-particle_enable=\"false\" data-particle-mobile-disabled=\"false\" class=\"elementor-element elementor-element-6019a01 e-con-full e-flex e-con e-child\" data-id=\"6019a01\" data-element_type=\"container\" data-e-type=\"container\">\n\t\t\t\t<div class=\"elementor-element elementor-element-5008bfc elementor-widget elementor-widget-heading\" data-id=\"5008bfc\" data-element_type=\"widget\" data-e-type=\"widget\" data-widget_type=\"heading.default\">\n\t\t\t\t\t<h2 class=\"elementor-heading-title elementor-size-default\">Automoci\u00f3n\n<\/h2>\t\t\t\t<\/div>\n\t\t\t\t<div class=\"elementor-element elementor-element-d8301da elementor-widget elementor-widget-heading\" data-id=\"d8301da\" data-element_type=\"widget\" data-e-type=\"widget\" data-widget_type=\"heading.default\">\n\t\t\t\t\t<h5 class=\"elementor-heading-title elementor-size-default\">Impulsando est\u00e1ndares m\u00e1s altos<\/h5>\t\t\t\t<\/div>\n\t\t\t\t<div class=\"elementor-element elementor-element-f4c356c elementor-widget elementor-widget-button\" data-id=\"f4c356c\" data-element_type=\"widget\" data-e-type=\"widget\" data-widget_type=\"button.default\">\n\t\t\t\t\t\t\t\t\t\t<a class=\"elementor-button elementor-button-link elementor-size-sm\" href=\"#\">\n\t\t\t\t\t\t<span class=\"elementor-button-content-wrapper\">\n\t\t\t\t\t\t\t\t\t<span class=\"elementor-button-text\">Ver caso de \u00e9xito<\/span>\n\t\t\t\t\t<\/span>\n\t\t\t\t\t<\/a>\n\t\t\t\t\t\t\t\t<\/div>\n\t\t\t\t<\/div>\n\t\t<div data-particle_enable=\"false\" data-particle-mobile-disabled=\"false\" class=\"elementor-element elementor-element-08d911d e-con-full e-flex e-con e-child\" data-id=\"08d911d\" data-element_type=\"container\" data-e-type=\"container\" data-settings=\"{&quot;background_background&quot;:&quot;classic&quot;}\">\n\t\t\t\t<\/div>\n\t\t\t\t<\/div>\n\t\t<div data-particle_enable=\"false\" data-particle-mobile-disabled=\"false\" class=\"elementor-element elementor-element-a2c22ae e-con-full e-flex e-con e-parent\" data-id=\"a2c22ae\" data-element_type=\"container\" data-e-type=\"container\" data-settings=\"{&quot;background_background&quot;:&quot;classic&quot;}\">\n\t\t<div data-particle_enable=\"false\" data-particle-mobile-disabled=\"false\" class=\"elementor-element elementor-element-53e92cd e-con-full e-flex e-con e-child\" data-id=\"53e92cd\" data-element_type=\"container\" data-e-type=\"container\">\n\t\t\t\t<div class=\"elementor-element elementor-element-eedebc7 elementor-widget elementor-widget-heading\" data-id=\"eedebc7\" data-element_type=\"widget\" data-e-type=\"widget\" data-widget_type=\"heading.default\">\n\t\t\t\t\t<h2 class=\"elementor-heading-title elementor-size-default\">Calefacci\u00f3n y fontaner\u00eda\n<\/h2>\t\t\t\t<\/div>\n\t\t\t\t<div class=\"elementor-element elementor-element-e11c497 elementor-widget elementor-widget-heading\" data-id=\"e11c497\" data-element_type=\"widget\" data-e-type=\"widget\" data-widget_type=\"heading.default\">\n\t\t\t\t\t<h5 class=\"elementor-heading-title elementor-size-default\">Su canal de confianza<\/h5>\t\t\t\t<\/div>\n\t\t\t\t<div class=\"elementor-element elementor-element-102b743 elementor-widget elementor-widget-button\" data-id=\"102b743\" data-element_type=\"widget\" data-e-type=\"widget\" data-widget_type=\"button.default\">\n\t\t\t\t\t\t\t\t\t\t<a class=\"elementor-button elementor-button-link elementor-size-sm\" href=\"#\">\n\t\t\t\t\t\t<span class=\"elementor-button-content-wrapper\">\n\t\t\t\t\t\t\t\t\t<span class=\"elementor-button-text\">Ver caso de \u00e9xito<\/span>\n\t\t\t\t\t<\/span>\n\t\t\t\t\t<\/a>\n\t\t\t\t\t\t\t\t<\/div>\n\t\t\t\t<\/div>\n\t\t<div data-particle_enable=\"false\" data-particle-mobile-disabled=\"false\" class=\"elementor-element elementor-element-a45b2d1 e-con-full e-flex e-con e-child\" data-id=\"a45b2d1\" data-element_type=\"container\" data-e-type=\"container\" data-settings=\"{&quot;background_background&quot;:&quot;classic&quot;}\">\n\t\t\t\t<\/div>\n\t\t\t\t<\/div>\n\t\t<div data-particle_enable=\"false\" data-particle-mobile-disabled=\"false\" class=\"elementor-element elementor-element-e742dd9 e-con-full e-flex e-con e-parent\" data-id=\"e742dd9\" data-element_type=\"container\" data-e-type=\"container\">\n\t\t<div data-particle_enable=\"false\" data-particle-mobile-disabled=\"false\" class=\"elementor-element elementor-element-2f6fcae e-con-full e-flex e-con e-child\" data-id=\"2f6fcae\" data-element_type=\"container\" data-e-type=\"container\">\n\t\t\t\t<div class=\"elementor-element elementor-element-aea5391 elementor-widget elementor-widget-heading\" data-id=\"aea5391\" data-element_type=\"widget\" data-e-type=\"widget\" data-widget_type=\"heading.default\">\n\t\t\t\t\t<h2 class=\"elementor-heading-title elementor-size-default\">Productos dom\u00e9sticos\n<\/h2>\t\t\t\t<\/div>\n\t\t\t\t<div class=\"elementor-element elementor-element-eaafe68 elementor-widget elementor-widget-heading\" data-id=\"eaafe68\" data-element_type=\"widget\" data-e-type=\"widget\" data-widget_type=\"heading.default\">\n\t\t\t\t\t<h5 class=\"elementor-heading-title elementor-size-default\">El hogar donde las cosas se hacen mejor<\/h5>\t\t\t\t<\/div>\n\t\t\t\t<div class=\"elementor-element elementor-element-e8326b1 elementor-widget elementor-widget-button\" data-id=\"e8326b1\" data-element_type=\"widget\" data-e-type=\"widget\" data-widget_type=\"button.default\">\n\t\t\t\t\t\t\t\t\t\t<a class=\"elementor-button elementor-button-link elementor-size-sm\" href=\"#\">\n\t\t\t\t\t\t<span class=\"elementor-button-content-wrapper\">\n\t\t\t\t\t\t\t\t\t<span class=\"elementor-button-text\">Ver caso de \u00e9xito<\/span>\n\t\t\t\t\t<\/span>\n\t\t\t\t\t<\/a>\n\t\t\t\t\t\t\t\t<\/div>\n\t\t\t\t<\/div>\n\t\t<div data-particle_enable=\"false\" data-particle-mobile-disabled=\"false\" class=\"elementor-element elementor-element-5893658 e-con-full e-flex e-con e-child\" data-id=\"5893658\" data-element_type=\"container\" data-e-type=\"container\" data-settings=\"{&quot;background_background&quot;:&quot;classic&quot;}\">\n\t\t\t\t<\/div>\n\t\t\t\t<\/div>\n\t\t<div data-particle_enable=\"false\" data-particle-mobile-disabled=\"false\" class=\"elementor-element elementor-element-fce7094 e-con-full e-flex e-con e-parent\" data-id=\"fce7094\" data-element_type=\"container\" data-e-type=\"container\" data-settings=\"{&quot;background_background&quot;:&quot;classic&quot;}\">\n\t\t<div data-particle_enable=\"false\" data-particle-mobile-disabled=\"false\" class=\"elementor-element elementor-element-464549b e-con-full e-flex e-con e-child\" data-id=\"464549b\" data-element_type=\"container\" data-e-type=\"container\">\n\t\t\t\t<div class=\"elementor-element elementor-element-906f2e7 elementor-widget elementor-widget-heading\" data-id=\"906f2e7\" data-element_type=\"widget\" data-e-type=\"widget\" data-widget_type=\"heading.default\">\n\t\t\t\t\t<h2 class=\"elementor-heading-title elementor-size-default\">Gesti\u00f3n de residuos\n<\/h2>\t\t\t\t<\/div>\n\t\t\t\t<div class=\"elementor-element elementor-element-e7cd42c elementor-widget elementor-widget-heading\" data-id=\"e7cd42c\" data-element_type=\"widget\" data-e-type=\"widget\" data-widget_type=\"heading.default\">\n\t\t\t\t\t<h5 class=\"elementor-heading-title elementor-size-default\">Creando un futuro mejor<\/h5>\t\t\t\t<\/div>\n\t\t\t\t<div class=\"elementor-element elementor-element-ace7689 elementor-widget elementor-widget-button\" data-id=\"ace7689\" data-element_type=\"widget\" data-e-type=\"widget\" data-widget_type=\"button.default\">\n\t\t\t\t\t\t\t\t\t\t<a class=\"elementor-button elementor-button-link elementor-size-sm\" href=\"#\">\n\t\t\t\t\t\t<span class=\"elementor-button-content-wrapper\">\n\t\t\t\t\t\t\t\t\t<span class=\"elementor-button-text\">Ver caso de \u00e9xito<\/span>\n\t\t\t\t\t<\/span>\n\t\t\t\t\t<\/a>\n\t\t\t\t\t\t\t\t<\/div>\n\t\t\t\t<\/div>\n\t\t<div data-particle_enable=\"false\" data-particle-mobile-disabled=\"false\" class=\"elementor-element elementor-element-2e6599d e-con-full e-flex e-con e-child\" data-id=\"2e6599d\" data-element_type=\"container\" data-e-type=\"container\" data-settings=\"{&quot;background_background&quot;:&quot;classic&quot;}\">\n\t\t\t\t<\/div>\n\t\t\t\t<\/div>\n\t\t\t\t<\/div>\n\t\t","protected":false},"excerpt":{"rendered":"<p>Casos de \u00e9xito Diferentes proyectos de fabricaci\u00f3n. La misma excelencia en la producci\u00f3n. Durante dos d\u00e9cadas, hemos ofrecido la misma calidad, experiencia y fiabilidad sin concesiones en diversos proyectos de fabricaci\u00f3n para marcas l\u00edderes en todo el mundo. Una trayectoria contrastada de 20 a\u00f1os Llevamos suministrando componentes y conjuntos de ingenier\u00eda a fabricantes de equipos [&hellip;]<\/p>\n","protected":false},"author":2,"featured_media":0,"parent":0,"menu_order":0,"comment_status":"closed","ping_status":"closed","template":"","meta":{"footnotes":""},"class_list":["post-425","page","type-page","status-publish","hentry"],"yoast_head":"<!-- This site is optimized with the Yoast SEO Premium plugin v27.3 (Yoast SEO v27.3) - https:\/\/yoast.com\/product\/yoast-seo-premium-wordpress\/ -->\n<title>Casos de \u00e9xito - Sino Manufacturing<\/title>\n<meta name=\"robots\" content=\"index, follow, max-snippet:-1, max-image-preview:large, max-video-preview:-1\" \/>\n<link rel=\"canonical\" href=\"https:\/\/sino-manufacturing.com\/es\/casos-de-exito\/\" \/>\n<meta property=\"og:locale\" content=\"es_ES\" \/>\n<meta property=\"og:type\" content=\"article\" \/>\n<meta property=\"og:title\" content=\"Casos de \u00e9xito\" \/>\n<meta property=\"og:description\" content=\"Casos de \u00e9xito Diferentes proyectos de fabricaci\u00f3n. La misma excelencia en la producci\u00f3n. Durante dos d\u00e9cadas, hemos ofrecido la misma calidad, experiencia y fiabilidad sin concesiones en diversos proyectos de fabricaci\u00f3n para marcas l\u00edderes en todo el mundo. Una trayectoria contrastada de 20 a\u00f1os Llevamos suministrando componentes y conjuntos de ingenier\u00eda a fabricantes de equipos [&hellip;]\" \/>\n<meta property=\"og:url\" content=\"https:\/\/sino-manufacturing.com\/es\/casos-de-exito\/\" \/>\n<meta property=\"og:site_name\" content=\"Sino Manufacturing\" \/>\n<meta property=\"article:modified_time\" content=\"2026-02-28T17:18:47+00:00\" \/>\n<meta name=\"twitter:card\" content=\"summary_large_image\" \/>\n<meta name=\"twitter:label1\" content=\"Tiempo de lectura\" \/>\n\t<meta name=\"twitter:data1\" content=\"1 minuto\" \/>\n<script type=\"application\/ld+json\" class=\"yoast-schema-graph\">{\"@context\":\"https:\\\/\\\/schema.org\",\"@graph\":[{\"@type\":\"WebPage\",\"@id\":\"https:\\\/\\\/sino-manufacturing.com\\\/es\\\/casos-de-exito\\\/\",\"url\":\"https:\\\/\\\/sino-manufacturing.com\\\/es\\\/casos-de-exito\\\/\",\"name\":\"Casos de \u00e9xito - Sino Manufacturing\",\"isPartOf\":{\"@id\":\"https:\\\/\\\/sino-manufacturing.com\\\/es\\\/#website\"},\"datePublished\":\"2026-02-08T21:45:26+00:00\",\"dateModified\":\"2026-02-28T17:18:47+00:00\",\"breadcrumb\":{\"@id\":\"https:\\\/\\\/sino-manufacturing.com\\\/es\\\/casos-de-exito\\\/#breadcrumb\"},\"inLanguage\":\"es\",\"potentialAction\":[{\"@type\":\"ReadAction\",\"target\":[\"https:\\\/\\\/sino-manufacturing.com\\\/es\\\/casos-de-exito\\\/\"]}]},{\"@type\":\"BreadcrumbList\",\"@id\":\"https:\\\/\\\/sino-manufacturing.com\\\/es\\\/casos-de-exito\\\/#breadcrumb\",\"itemListElement\":[{\"@type\":\"ListItem\",\"position\":1,\"name\":\"Home\",\"item\":\"https:\\\/\\\/sino-manufacturing.com\\\/es\\\/home\\\/\"},{\"@type\":\"ListItem\",\"position\":2,\"name\":\"Casos de \u00e9xito\"}]},{\"@type\":\"WebSite\",\"@id\":\"https:\\\/\\\/sino-manufacturing.com\\\/es\\\/#website\",\"url\":\"https:\\\/\\\/sino-manufacturing.com\\\/es\\\/\",\"name\":\"Sino-Manufacturing Website\",\"description\":\"Making things better.\",\"publisher\":{\"@id\":\"https:\\\/\\\/sino-manufacturing.com\\\/es\\\/#organization\"},\"potentialAction\":[{\"@type\":\"SearchAction\",\"target\":{\"@type\":\"EntryPoint\",\"urlTemplate\":\"https:\\\/\\\/sino-manufacturing.com\\\/es\\\/?s={search_term_string}\"},\"query-input\":{\"@type\":\"PropertyValueSpecification\",\"valueRequired\":true,\"valueName\":\"search_term_string\"}}],\"inLanguage\":\"es\"},{\"@type\":\"Organization\",\"@id\":\"https:\\\/\\\/sino-manufacturing.com\\\/es\\\/#organization\",\"name\":\"Sino-Manufacturing\",\"url\":\"https:\\\/\\\/sino-manufacturing.com\\\/es\\\/\",\"logo\":{\"@type\":\"ImageObject\",\"inLanguage\":\"es\",\"@id\":\"https:\\\/\\\/sino-manufacturing.com\\\/es\\\/#\\\/schema\\\/logo\\\/image\\\/\",\"url\":\"https:\\\/\\\/sino-manufacturing.com\\\/wp-content\\\/uploads\\\/2026\\\/01\\\/Sino-Deep-blue_3.406577.png\",\"contentUrl\":\"https:\\\/\\\/sino-manufacturing.com\\\/wp-content\\\/uploads\\\/2026\\\/01\\\/Sino-Deep-blue_3.406577.png\",\"width\":1600,\"height\":900,\"caption\":\"Sino-Manufacturing\"},\"image\":{\"@id\":\"https:\\\/\\\/sino-manufacturing.com\\\/es\\\/#\\\/schema\\\/logo\\\/image\\\/\"},\"sameAs\":[\"https:\\\/\\\/www.linkedin.com\\\/company\\\/sino-manufacturing-solutions\\\/\"]}]}<\/script>\n<!-- \/ Yoast SEO Premium plugin. -->","yoast_head_json":{"title":"Casos de \u00e9xito - Sino Manufacturing","robots":{"index":"index","follow":"follow","max-snippet":"max-snippet:-1","max-image-preview":"max-image-preview:large","max-video-preview":"max-video-preview:-1"},"canonical":"https:\/\/sino-manufacturing.com\/es\/casos-de-exito\/","og_locale":"es_ES","og_type":"article","og_title":"Casos de \u00e9xito","og_description":"Casos de \u00e9xito Diferentes proyectos de fabricaci\u00f3n. La misma excelencia en la producci\u00f3n. Durante dos d\u00e9cadas, hemos ofrecido la misma calidad, experiencia y fiabilidad sin concesiones en diversos proyectos de fabricaci\u00f3n para marcas l\u00edderes en todo el mundo. Una trayectoria contrastada de 20 a\u00f1os Llevamos suministrando componentes y conjuntos de ingenier\u00eda a fabricantes de equipos [&hellip;]","og_url":"https:\/\/sino-manufacturing.com\/es\/casos-de-exito\/","og_site_name":"Sino Manufacturing","article_modified_time":"2026-02-28T17:18:47+00:00","twitter_card":"summary_large_image","twitter_misc":{"Tiempo de lectura":"1 minuto"},"schema":{"@context":"https:\/\/schema.org","@graph":[{"@type":"WebPage","@id":"https:\/\/sino-manufacturing.com\/es\/casos-de-exito\/","url":"https:\/\/sino-manufacturing.com\/es\/casos-de-exito\/","name":"Casos de \u00e9xito - Sino Manufacturing","isPartOf":{"@id":"https:\/\/sino-manufacturing.com\/es\/#website"},"datePublished":"2026-02-08T21:45:26+00:00","dateModified":"2026-02-28T17:18:47+00:00","breadcrumb":{"@id":"https:\/\/sino-manufacturing.com\/es\/casos-de-exito\/#breadcrumb"},"inLanguage":"es","potentialAction":[{"@type":"ReadAction","target":["https:\/\/sino-manufacturing.com\/es\/casos-de-exito\/"]}]},{"@type":"BreadcrumbList","@id":"https:\/\/sino-manufacturing.com\/es\/casos-de-exito\/#breadcrumb","itemListElement":[{"@type":"ListItem","position":1,"name":"Home","item":"https:\/\/sino-manufacturing.com\/es\/home\/"},{"@type":"ListItem","position":2,"name":"Casos de \u00e9xito"}]},{"@type":"WebSite","@id":"https:\/\/sino-manufacturing.com\/es\/#website","url":"https:\/\/sino-manufacturing.com\/es\/","name":"Sino-Manufacturing Website","description":"Making things better.","publisher":{"@id":"https:\/\/sino-manufacturing.com\/es\/#organization"},"potentialAction":[{"@type":"SearchAction","target":{"@type":"EntryPoint","urlTemplate":"https:\/\/sino-manufacturing.com\/es\/?s={search_term_string}"},"query-input":{"@type":"PropertyValueSpecification","valueRequired":true,"valueName":"search_term_string"}}],"inLanguage":"es"},{"@type":"Organization","@id":"https:\/\/sino-manufacturing.com\/es\/#organization","name":"Sino-Manufacturing","url":"https:\/\/sino-manufacturing.com\/es\/","logo":{"@type":"ImageObject","inLanguage":"es","@id":"https:\/\/sino-manufacturing.com\/es\/#\/schema\/logo\/image\/","url":"https:\/\/sino-manufacturing.com\/wp-content\/uploads\/2026\/01\/Sino-Deep-blue_3.406577.png","contentUrl":"https:\/\/sino-manufacturing.com\/wp-content\/uploads\/2026\/01\/Sino-Deep-blue_3.406577.png","width":1600,"height":900,"caption":"Sino-Manufacturing"},"image":{"@id":"https:\/\/sino-manufacturing.com\/es\/#\/schema\/logo\/image\/"},"sameAs":["https:\/\/www.linkedin.com\/company\/sino-manufacturing-solutions\/"]}]}},"_links":{"self":[{"href":"https:\/\/sino-manufacturing.com\/es\/wp-json\/wp\/v2\/pages\/425","targetHints":{"allow":["GET"]}}],"collection":[{"href":"https:\/\/sino-manufacturing.com\/es\/wp-json\/wp\/v2\/pages"}],"about":[{"href":"https:\/\/sino-manufacturing.com\/es\/wp-json\/wp\/v2\/types\/page"}],"author":[{"embeddable":true,"href":"https:\/\/sino-manufacturing.com\/es\/wp-json\/wp\/v2\/users\/2"}],"replies":[{"embeddable":true,"href":"https:\/\/sino-manufacturing.com\/es\/wp-json\/wp\/v2\/comments?post=425"}],"version-history":[{"count":0,"href":"https:\/\/sino-manufacturing.com\/es\/wp-json\/wp\/v2\/pages\/425\/revisions"}],"wp:attachment":[{"href":"https:\/\/sino-manufacturing.com\/es\/wp-json\/wp\/v2\/media?parent=425"}],"curies":[{"name":"wp","href":"https:\/\/api.w.org\/{rel}","templated":true}]}}